{"id":12508,"date":"2015-03-24T16:01:12","date_gmt":"2015-03-24T16:01:12","guid":{"rendered":"http:\/\/new.adr-ag.de\/impressum-2\/"},"modified":"2024-03-06T10:21:12","modified_gmt":"2024-03-06T09:21:12","slug":"impressum","status":"publish","type":"page","link":"https:\/\/adr-ag.de\/fr\/impressum\/","title":{"rendered":"IMPRESSUM"},"content":{"rendered":"<div class=\"fusion-fullwidth fullwidth-box fusion-builder-row-1 fusion-flex-container hundred-percent-fullwidth non-hundred-percent-height-scrolling\" style=\"--awb-border-radius-top-left:0px;--awb-border-radius-top-right:0px;--awb-border-radius-bottom-right:0px;--awb-border-radius-bottom-left:0px;--awb-overflow:visible;--awb-flex-wrap:wrap;\" ><div class=\"fusion-builder-row fusion-row fusion-flex-align-items-flex-start fusion-flex-content-wrap\" style=\"width:calc( 100% + 0px ) !important;max-width:calc( 100% + 0px ) !important;margin-left: calc(-0px \/ 2 );margin-right: calc(-0px \/ 2 );\"><div class=\"fusion-layout-column fusion_builder_column fusion-builder-column-0 fusion_builder_column_1_1 1_1 fusion-flex-column fusion-flex-align-self-flex-start fusion-column-no-min-height\" style=\"--awb-bg-size:cover;--awb-width-large:100%;--awb-margin-top-large:0px;--awb-spacing-right-large:0px;--awb-margin-bottom-large:0px;--awb-spacing-left-large:0px;--awb-width-medium:100%;--awb-spacing-right-medium:0px;--awb-spacing-left-medium:0px;--awb-width-small:100%;--awb-spacing-right-small:0px;--awb-spacing-left-small:0px;\"><div class=\"fusion-column-wrapper fusion-flex-justify-content-flex-start fusion-content-layout-column\"><div class=\"fusion-text fusion-text-1\"><table width=\"660\" cellspacing=\"0\" cellpadding=\"2\">\n<colgroup>\n<col width=\"330\" \/>\n<col width=\"322\" \/> <\/colgroup>\n<tbody>\n<tr>\n<td valign=\"top\" width=\"330\"><span style=\"color: #285287;\"><span style=\"font-family: Verdana, serif;\"><span style=\"font-size: medium;\"><b>Anschrift:<\/b><\/span><\/span><\/span><\/td>\n<td width=\"322\"><a href=\"https:\/\/adr-ag.de\/wp-content\/uploads\/2020\/09\/Logo.jpg\"><img decoding=\"async\" class=\"alignnone size-thumbnail wp-image-17652\" src=\"https:\/\/adr-ag.de\/wp-content\/uploads\/2020\/09\/Logo-150x150.jpg\" alt=\"\" width=\"150\" height=\"150\" srcset=\"https:\/\/adr-ag.de\/wp-content\/uploads\/2020\/09\/Logo-66x66.jpg 66w, https:\/\/adr-ag.de\/wp-content\/uploads\/2020\/09\/Logo-100x100.jpg 100w, https:\/\/adr-ag.de\/wp-content\/uploads\/2020\/09\/Logo-150x150.jpg 150w, https:\/\/adr-ag.de\/wp-content\/uploads\/2020\/09\/Logo-200x200.jpg 200w, https:\/\/adr-ag.de\/wp-content\/uploads\/2020\/09\/Logo.jpg 225w\" sizes=\"(max-width: 150px) 100vw, 150px\" \/><\/a><br \/>\n<span style=\"color: #000000;\"><span style=\"font-family: Verdana, serif;\"><span style=\"font-size: medium;\">Ludwig-Wagner-Str. 19<\/span><\/span><\/span><\/p>\n<p><span style=\"color: #000000;\"><span style=\"font-family: Verdana, serif;\"><span style=\"font-size: medium;\">69168 Wiesloch<\/span><\/span><\/span><span style=\"color: #000000;\">\u00a0<\/span><\/td>\n<\/tr>\n<tr>\n<td valign=\"top\" width=\"330\"><span style=\"color: #285287;\"><span style=\"font-family: Verdana, serif;\"><span style=\"font-size: medium;\"><b>Telefon:<\/b><\/span><\/span><\/span><\/td>\n<td width=\"322\"><span style=\"color: #000000;\"><span style=\"font-family: Verdana, serif;\"><span style=\"font-size: medium;\">+49 (0)6222-9388-0<\/span><\/span><\/span><\/td>\n<\/tr>\n<tr>\n<td valign=\"top\" width=\"330\"><span style=\"color: #285287;\"><span style=\"font-family: Verdana, serif;\"><span style=\"font-size: medium;\"><b>Fax:<\/b><\/span><\/span><\/span><\/td>\n<td width=\"322\"><span style=\"color: #000000;\"><span style=\"font-family: Verdana, serif;\"><span style=\"font-size: medium;\">+49 (0)6222-9388-50<\/span><\/span><\/span><\/td>\n<\/tr>\n<tr>\n<td valign=\"top\" width=\"330\"><span style=\"color: #285287;\"><span style=\"font-family: Verdana, serif;\"><span style=\"font-size: medium;\"><b>Vorstand:<\/b><\/span><\/span><\/span><\/td>\n<td width=\"322\"><span style=\"color: #000000;\"><span style=\"font-family: Verdana, serif;\"><span style=\"font-size: medium;\">Bjoern Christophersen<\/span><\/span><\/span><\/td>\n<\/tr>\n<tr>\n<td valign=\"top\" width=\"330\"><span style=\"color: #285287;\"><span style=\"font-family: Verdana, serif;\"><span style=\"font-size: medium;\"><b>Aufsichtsrat:<\/b><\/span><\/span><\/span><\/td>\n<td width=\"322\"><span style=\"color: #000000;\"><span style=\"font-family: Verdana, serif;\"><span style=\"font-size: medium;\">Antje Christophersen<br \/>\n<\/span><\/span><\/span><span style=\"color: #000000;\"><span style=\"font-family: Verdana, serif;\"><span style=\"font-size: medium;\">Sven Christophersen<br \/>\n<\/span><\/span><\/span><span style=\"color: #000000;\"><span style=\"font-family: Verdana, serif;\"><span style=\"font-size: medium;\">Lars Christophersen<br \/>\n<\/span><\/span><\/span><\/td>\n<\/tr>\n<tr>\n<td valign=\"top\" width=\"330\"><span style=\"color: #285287;\"><span style=\"font-family: Verdana, serif;\"><span style=\"font-size: medium;\"><b>Registergericht:<\/b><\/span><\/span><\/span><\/td>\n<td width=\"322\"><span style=\"color: #000000;\"><span style=\"font-family: Verdana, serif;\"><span style=\"font-size: medium;\">Amtsgericht Mannheim<br \/>\n<\/span><\/span><\/span><span style=\"color: #000000;\"><span style=\"font-family: Verdana, serif;\"><span style=\"font-size: medium;\">HRB 352038<\/span><\/span><\/span><\/td>\n<\/tr>\n<tr>\n<td valign=\"top\" width=\"330\"><span style=\"color: #285287;\"><span style=\"font-family: Verdana, serif;\"><span style=\"font-size: medium;\"><b>Steuer Nummer :<\/b><\/span><\/span><\/span><\/td>\n<td width=\"322\"><span style=\"color: #000000;\"><span style=\"font-family: Verdana, serif;\"><span style=\"font-size: medium;\">32019\/05136 <\/span><\/span><\/span><\/td>\n<\/tr>\n<tr>\n<td valign=\"top\" width=\"330\"><span style=\"color: #285287;\"><span style=\"font-family: Verdana, serif;\"><span style=\"font-size: medium;\"><b>EG-ID:<\/b><\/span><\/span><\/span><\/td>\n<td width=\"322\"><span style=\"color: #000000;\"><span style=\"font-family: Verdana, serif;\"><span style=\"font-size: medium;\">DE232467471 <\/span><\/span><\/span><\/td>\n<\/tr>\n<tr>\n<td valign=\"top\" width=\"330\"><span style=\"color: #285287;\"><span style=\"font-family: Verdana, serif;\"><span style=\"font-size: medium;\"><b>e-Mail:<\/b><\/span><\/span><\/span><\/td>\n<td width=\"322\"><span style=\"color: #000000;\"><span style=\"font-family: Verdana, serif;\"><span style=\"font-size: medium;\"><u>vertrieb@adr-ing.de<\/u><\/span><\/span><\/span><\/td>\n<\/tr>\n<tr>\n<td valign=\"top\" width=\"330\"><span style=\"color: #285287;\"><span style=\"font-family: Verdana, serif;\"><span style=\"font-size: medium;\"><b>Hinweis:<\/b><\/span><\/span><\/span><\/td>\n<td width=\"322\"><span style=\"color: #000000;\"><span style=\"font-family: Verdana, serif;\"><span style=\"font-size: medium;\">Gesch\u00e4fte mit uns kommen nur durch eine schriftliche Auftragbest\u00e4tigung und nur unter Zugrundelegung unserer AGB zustande! M\u00fcndliche Nebenabreden bed\u00fcrfen der Schriftform. \u00c4nderungen der Produkte und Spezifikationen sind jederzeit vorbehalten.<\/span><\/span><\/span><\/p>\n<p><span style=\"color: #000000;\"><span style=\"font-family: Verdana, serif;\"><span style=\"font-size: medium;\">Alle Preise verstehen sich zzgl. gesetzl. MwSt!<\/span><\/span><\/span><\/td>\n<\/tr>\n<\/tbody>\n<\/table>\n<\/div><\/div><\/div><\/div><\/div>\n","protected":false},"excerpt":{"rendered":"","protected":false},"author":1,"featured_media":0,"parent":0,"menu_order":0,"comment_status":"open","ping_status":"open","template":"","meta":{"footnotes":""},"_links":{"self":[{"href":"https:\/\/adr-ag.de\/fr\/wp-json\/wp\/v2\/pages\/12508"}],"collection":[{"href":"https:\/\/adr-ag.de\/fr\/wp-json\/wp\/v2\/pages"}],"about":[{"href":"https:\/\/adr-ag.de\/fr\/wp-json\/wp\/v2\/types\/page"}],"author":[{"embeddable":true,"href":"https:\/\/adr-ag.de\/fr\/wp-json\/wp\/v2\/users\/1"}],"replies":[{"embeddable":true,"href":"https:\/\/adr-ag.de\/fr\/wp-json\/wp\/v2\/comments?post=12508"}],"version-history":[{"count":11,"href":"https:\/\/adr-ag.de\/fr\/wp-json\/wp\/v2\/pages\/12508\/revisions"}],"predecessor-version":[{"id":17961,"href":"https:\/\/adr-ag.de\/fr\/wp-json\/wp\/v2\/pages\/12508\/revisions\/17961"}],"wp:attachment":[{"href":"https:\/\/adr-ag.de\/fr\/wp-json\/wp\/v2\/media?parent=12508"}],"curies":[{"name":"wp","href":"https:\/\/api.w.org\/{rel}","templated":true}]}}