{"id":13515,"date":"2015-04-03T13:19:49","date_gmt":"2015-04-03T13:19:49","guid":{"rendered":"http:\/\/new.adr-ag.de\/product\/cyclone-4-cd-dvd-brennroboter-2\/"},"modified":"2020-06-18T14:50:10","modified_gmt":"2020-06-18T13:50:10","slug":"cyclone-4-cd-dvd-brennroboter","status":"publish","type":"product","link":"https:\/\/adr-ag.de\/en\/product\/cyclone-4-cd-dvd-brennroboter\/","title":{"rendered":"Cyclone 4 CD \/ DVD Brennroboter"},"content":{"rendered":"<div>\n<h2>Cyclone 4 CD \/ DVD Brennroboter<\/h2>\n<p><strong>Bedienung<\/strong><\/p>\n<p align=\"justify\">Der Cyclone <a href=\"https:\/\/www.adr-shop.com\/EN\/adr-cyclone-4-cd-dvd-copystation-incl-hp-excellent-iv\" target=\"_blank\" rel=\"noopener noreferrer\">DVD Brennroboter<\/a> ist besonders einfach zu bedienen und verf\u00fcgt in der Standalone Ausf\u00fchrung \u00fcber ein LCD Display und wird mit lediglich 2 Kn\u00f6pfen gesteuert.\u00a0Es handelt sich bei dem Ger\u00e4t um einen reinen CD\/DVD Brennroboter, welcher lediglich mit Strom versorgt werden muss. Sie ben\u00f6tigen keinen PC zum Betreiben des Systems<\/p>\n<p>Sie erreichen dadurch h\u00f6chste Effizienz mit minimalem Aufwand.<br \/>\nDer Cyclone 4 CD \/ DVD Brennroboter von ADR ist die idealste L\u00f6sung wenn es um unkomplizierte Vervielf\u00e4ltigung und professionelle Bedruckung von CDs und DVDs in hohen Auflagen innerhalb k\u00fcrzester Zeit geht.<br \/>\nMit den ADR Systemen sind Sie heute bereits f\u00fcr die Zukunft ger\u00fcstet. Alle ADR Ger\u00e4te sind nachtr\u00e4glich auf Blu-Ray umr\u00fcstbar.<\/p>\n<\/div>\n<ul>\n<li>L\u00e4uft mit preisgekr\u00f6nter\u00a0<strong>Software\u00a0<\/strong><strong>PADUS DiscJuggler<\/strong>\u00a0(Einzelplatz oder Netzwerkversion verf\u00fcgbar)<\/li>\n<li><strong>Netzwerkf\u00e4hig LAN \/ WAN<\/strong>\u00a0mit einer unbegrenzten Anzahl Clients und mehreren Brennstationen.<\/li>\n<li>Direkt digital-zu-digital kopieren einer CD \u00fcber den Datenbus&#8221;on-the-fly,&#8221; oder \u00fcber die Festplatte.<\/li>\n<li>Kann parallel verschiedene Kopien auf alle CD-R\/DVD-R schreiben.<\/li>\n<li>Software kann simultan mehrere CD\/DVD Brennroboter ansteuern.<\/li>\n<li>Ausbauf\u00e4hig auf bis zu\u00a08 Drives<\/li>\n<li>Kann folgende Funktionen ausf\u00fchren:\n<ul>\n<li>Kopie CD-ROM zu CD Image File.<\/li>\n<li>Kopie CD Image File zu CD Rekorder<br \/>\n( unterst\u00fctzt CD Image Files die auf einer CD Premastering Applikation erstellt wurden.).<\/li>\n<li>Kann den Output z.B. von Easy CD&#x2122; oder anderer ASPI basierender CD Premastering Applikation zu multiple CD-R Laufwerken ausf\u00fchren.<\/li>\n<li>Batch Copy Mode<\/li>\n<li>Individualisieren von CD \/DVD<\/li>\n<\/ul>\n<\/li>\n<li>Geringer Serviceaufwand<\/li>\n<li>Professional Audio Duplication.<\/li>\n<\/ul>\n<ul>\n<li><strong>6 CD\/DVD -Brenner<\/strong> (<strong>CD-R-R<\/strong>\u00a052x, DVD ).<\/li>\n<li>Drucker optional erh\u00e4ltlich. (InkJet, Thermo- und ThermoRetransfer)<\/li>\n<li>Verifikation \u00fcber einen &#8220;low level compare&#8221; der Master und CD-Kopie pr\u00fcft das korrekte Kopieren<\/li>\n<li>Hoch entwickelter Audio Resynchronization Lesemodus f\u00fcr hohe Zuverl\u00e4ssigkeit beim Kopieren einer Digitalaudio-CD<br \/>\n( CD-DA \/ DIGITALSCHALLPLATTE ) bei professionellen Anwendungen.<\/li>\n<li>&#8220;On-the-fly&#8221; werden die Sektoren Error korrigiert<\/li>\n<li>Verf\u00fcgt \u00fcber eine intuitive, bedienungsfreundliche Schnittstelle f\u00fcr Anf\u00e4nger und Experten<\/li>\n<\/ul>\n","protected":false},"excerpt":{"rendered":"<p><strong>about the &#8220;Cyclone 4&#8221; CD\/DVD duplicator :<\/strong><\/p>\n<p>For burning and printing CD-R, DVD-R and Blu-ray\u00a0media with the best possible print quality we recommend the fully automatic CD\/DVD\/BD Cyclone 4\u00a0duplicator with 4\u00a0state-of-the-art CD\/DVD\/BD writers. With its patented ADR industrial robotic autoloader arm this all-in-one disc publisher device performs large duplication volumes reliably on its own.<\/p>\n<p>The Cyclone 4 <a href=\"https:\/\/www.adr-shop.com\/EN\/adr-cyclone-4-cd-dvd-copystation-incl-hp-excellent-iv\" target=\"_blank\" rel=\"noopener noreferrer\">CD \/ DVD burning robot<\/a> is also available with four CD or DVD burners and inkjet, thermal or thermal retransfer.<\/p>\n<p>[button link=&#8221;https:\/\/www.adr-shop.com\/EN\/adr-cyclone-4-cd-dvd-copystation-incl-hp-excellent-iv&#8221; color=&#8221;custom&#8221; size=&#8221;small&#8221; type=&#8221;flat&#8221; shape=&#8221;round&#8221; target=&#8221;_blank&#8221; title=&#8221;&#8221; gradient_colors=&#8221;#67b8e1&#8243; gradient_hover_colors=&#8221;#67b8e1&#8243; accent_color=&#8221;#fff&#8221; accent_hover_color=&#8221;#fff&#8221; bevel_color=&#8221;&#8221; border_width=&#8221;0px&#8221; shadow=&#8221;no&#8221; icon=&#8221;&#8221; icon_divider=&#8221;yes&#8221; icon_position=&#8221;left&#8221; modal=&#8221;&#8221; animation_type=&#8221;0&#8243; animation_direction=&#8221;up&#8221; animation_speed=&#8221;1&#8243; class=&#8221;&#8221; id=&#8221;&#8221;]Buy product[\/button]<\/p>\n","protected":false},"featured_media":14479,"comment_status":"open","ping_status":"closed","template":"","meta":[],"product_cat":[230,234],"product_tag":[],"_links":{"self":[{"href":"https:\/\/adr-ag.de\/en\/wp-json\/wp\/v2\/product\/13515"}],"collection":[{"href":"https:\/\/adr-ag.de\/en\/wp-json\/wp\/v2\/product"}],"about":[{"href":"https:\/\/adr-ag.de\/en\/wp-json\/wp\/v2\/types\/product"}],"replies":[{"embeddable":true,"href":"https:\/\/adr-ag.de\/en\/wp-json\/wp\/v2\/comments?post=13515"}],"wp:featuredmedia":[{"embeddable":true,"href":"https:\/\/adr-ag.de\/en\/wp-json\/wp\/v2\/media\/14479"}],"wp:attachment":[{"href":"https:\/\/adr-ag.de\/en\/wp-json\/wp\/v2\/media?parent=13515"}],"wp:term":[{"taxonomy":"product_cat","embeddable":true,"href":"https:\/\/adr-ag.de\/en\/wp-json\/wp\/v2\/product_cat?post=13515"},{"taxonomy":"product_tag","embeddable":true,"href":"https:\/\/adr-ag.de\/en\/wp-json\/wp\/v2\/product_tag?post=13515"}],"curies":[{"name":"wp","href":"https:\/\/api.w.org\/{rel}","templated":true}]}}