{"id":13507,"date":"2015-04-03T13:27:45","date_gmt":"2015-04-03T13:27:45","guid":{"rendered":"http:\/\/new.adr-ag.de\/product\/epson-discproducer-pp-100-2\/"},"modified":"2024-03-06T10:22:34","modified_gmt":"2024-03-06T09:22:34","slug":"epson-discproducer-pp-100","status":"publish","type":"product","link":"https:\/\/adr-ag.de\/en\/product\/epson-discproducer-pp-100\/","title":{"rendered":"Epson Discproducer &#x2122; PP-100"},"content":{"rendered":"<p><strong>Technology<\/strong><\/p>\n<p><span id=\"result_box\" lang=\"en\"><span title=\"Highend-Drucktechnologie und Robotik Die Qualit\u00e4t eines Produktionssystems f\u00fcr das Brennen und Bedrucken von CD\/DVD-Rohlingen wird \u00fcberwiegend durch die Pr\u00e4zision und das Zusammenspiel von Drucktechnologie, Software und Robotik bestimmt.\">High- pressure technology and robotics , the quality of a production system for burning and printing CD \/ DVD media is largely determined by the precision and the interplay of printing technology , software and robotics. <\/span><span title=\"Epson in Zusammenarbeit mit ADR sind die einzigen Anbieter, die sowohl Tintenstrahldrucker als auch Pr\u00e4zisions-Roboter f\u00fcr die Industrie selbst entwickeln und weltweit vermarkten. \">Epson , in cooperation with ADR are the only suppliers that develop both inkjet and precision robots for the industry itself and market them worldwide .<\/span><\/span><\/p>\n<p><span title=\"Zwei Kerntechnologien wurden hier zu einem einzigartigen, professionellen Produkt vereint, dem EPSON Disc Producer CD\/DVD Kopierer.\">Two core technologies have been combined to create a unique , professional product , the EPSON Discproducer <a href=\"https:\/\/www.adr-shop.com\/EN\/epson-disc-producer-pp-100-cd-dvd-autoprinter\" target=\"_blank\" rel=\"noopener noreferrer\">CD \/ DVD copier<\/a>. <\/span><span title=\"Neben der Standalone-Version des Epson Discproducer&#x2122; (PC-Connected) entwickelt Epson derzeit eine netzwerkf\u00e4hige Version mit integriertem PC, die \u00fcber zus\u00e4tzliche Sicherheitsfunktionen verf\u00fcgt und im Quartal 4 2008 verf\u00fcgbar sein wird. \">In addition to the stand-alone version of the Epson Discproducer &#x2122; (PC &#8211; Connected ) Epson is developing a network version with built-in PC , which has additional security features and in quarter 4 will be available in 2008.<\/span><\/p>\n<div>\n<p><span id=\"result_box\" lang=\"en\"><strong><span class=\"hps\">Duplication service<\/span><\/strong><\/span><\/p>\n<p><span class=\"hps\">You are a<\/span> <span class=\"hps\">on<\/span> <span class=\"hps\">duplicating<\/span> <span class=\"hps\">CD \/<\/span> <span class=\"hps\">DVD media<\/span> <span class=\"hps\">specialist service provider<\/span>? <span class=\"hps\">Use the<\/span> <span class=\"hps\">Epson<\/span> <span class=\"hps\">Discproducer<\/span> <span class=\"hps\">PP-100<\/span> <span class=\"hps\">&#x2122;<\/span>, <span class=\"hps\">to enter the<\/span> <span class=\"hps\">high-margin<\/span> <span class=\"hps\">and<\/span> <span class=\"hps\">fast growing<\/span> <span class=\"hps\">media production market<\/span>. <span class=\"hps\">Whether<\/span> <span class=\"hps\">for series<\/span> <span class=\"hps\">or<\/span> <span class=\"hps\">individual production,<\/span> <span class=\"hps\">the high reliability<\/span> <span class=\"hps\">and efficiency<\/span> <span class=\"hps\">of<\/span> <span class=\"hps\">Robotics and<\/span> <span class=\"hps\">color printing<\/span> <span class=\"hps\">make the<\/span> <span class=\"hps\">Epson<\/span> <span class=\"hps\">Discproducer<\/span> <span class=\"hps\">&#x2122;<\/span> <span class=\"hps\">is the ideal<\/span> <span class=\"hps\">entry level system<\/span> <span class=\"hps\">for service providers.<\/span><\/p>\n<\/div>\n<div><\/div>\n<div>\n<div dir=\"ltr\">\n<p><span id=\"result_box\" lang=\"en\"><strong><span class=\"hps\">Clinics and Practices<\/span><\/strong><\/span><\/p>\n<p><span class=\"hps\">The change<\/span> <span class=\"hps\">from analogue<\/span> <span class=\"hps\">X-ray or<\/span> <span class=\"hps\">CT<\/span> <span class=\"hps\">film to digital<\/span> <span class=\"hps\">imaging offers<\/span> <span class=\"hps\">new<\/span> <span class=\"hps\">perspectives in order to<\/span> <span class=\"hps\">reduce process costs<\/span> <span class=\"hps\">and<\/span> <span class=\"hps\">improving patient<\/span> <span class=\"hps\">service.<\/span> <span class=\"hps\">Through the<\/span> <span class=\"hps\">use of digital<\/span> <span class=\"hps\">patient data such as<\/span> <span class=\"hps\">radiology, cardiology<\/span>, ultrasound or <span class=\"hps\">CT images<\/span> <span class=\"hps\">doctors and<\/span> <span class=\"hps\">patients can be<\/span> <span class=\"hps\">informed<\/span> <span class=\"hps\">faster, better and<\/span> <span class=\"hps\">safer.<\/span><br \/>\n<span class=\"hps atn\">(<\/span>PACs <span class=\"hps\">software with<\/span> <span class=\"hps\">DICOM<\/span> <span class=\"hps\">interface<\/span> <span class=\"hps\">available)<\/span><\/p>\n<\/div>\n<\/div>\n<div dir=\"ltr\"><\/div>\n<div dir=\"ltr\">\n<div>\n<p><strong>Features<\/strong><\/p>\n<ul>\n<li>R<span id=\"result_box\" lang=\"en\"><span class=\"hps\">eliability<\/span> <\/span><\/li>\n<li>Printing quality<\/li>\n<li>Affordable printing costs<\/li>\n<li>Comfort<\/li>\n<li>Compact design<\/li>\n<li>High Capacity<\/li>\n<li>Single ink cardridges<\/li>\n<li>Patented robotics<\/li>\n<\/ul>\n<\/div>\n<\/div>\n","protected":false},"excerpt":{"rendered":"<p><strong>about the EPSON Discproducer&#x2122; PP-100 :<br \/>\n<\/strong><\/p>\n<p><span id=\"result_box\" lang=\"en\"><span title=\"Ein besonderes Merkmal dieses Ger\u00e4tes sind die einzelnen Tintenpatronen wodurch sich das System markant von den Mitbewerbern abhebt.\">A special feature of the EPSON <a href=\"https:\/\/www.adr-shop.com\/EN\/epson-disc-producer-pp-100-cd-dvd-autoprinter\" target=\"_blank\" rel=\"noopener noreferrer\">Discproducer<\/a><strong>&#x2122;<\/strong> are the individual ink cartridges which makes the system significantly stands out from its competitors. <\/span><span title=\"Im Vergleich zu bisherigen Systemen werden hier tats\u00e4chlich zu 100% die Tinten aufgebraucht.\">Compared to previous systems, the inks are actually here to 100 % depleted. <\/span><span title=\"Dadurch erreicht dieses System die g\u00fcnstigsten Kosten per Disk f\u00fcr Ger\u00e4te seiner Klasse.\">Thus , this system achieved the lowest cost per disc for devices in its class. <\/span><span title=\"Kombiniert mit den patentierten Watershield Medien machen Sie damit aus Ihren produzierten CDs und DVDs einen echten Blickfang und k\u00f6nnen die erstellten Medien Ideal auch f\u00fcr Marketingzwecke einsetzen.\">Combined with the patented Water Shield media you do with it from your CDs and DVDs produced a real eye-catcher and can the created media Ideal use for marketing purposes.<\/span><\/span><\/p>\n[fusion_button link=\"https:\/\/www.adr-shop.com\/EN\/epson-disc-producer-pp-100-cd-dvd-autoprinter\" color=\"custom\" size=\"small\" type=\"flat\" shape=\"round\" target=\"_blank\" title=\"\" gradient_colors=\"#67b8e1\" gradient_hover_colors=\"#67b8e1\" accent_color=\"#fff\" accent_hover_color=\"#fff\" bevel_color=\"\" border_width=\"0px\" shadow=\"no\" icon=\"\" icon_divider=\"yes\" icon_position=\"left\" modal=\"\" animation_type=\"0\" animation_direction=\"up\" animation_speed=\"1\" class=\"\" id=\"\"]Buy product[\/fusion_button]\n","protected":false},"featured_media":14503,"comment_status":"open","ping_status":"closed","template":"","meta":[],"product_cat":[230,240],"product_tag":[],"_links":{"self":[{"href":"https:\/\/adr-ag.de\/en\/wp-json\/wp\/v2\/product\/13507"}],"collection":[{"href":"https:\/\/adr-ag.de\/en\/wp-json\/wp\/v2\/product"}],"about":[{"href":"https:\/\/adr-ag.de\/en\/wp-json\/wp\/v2\/types\/product"}],"replies":[{"embeddable":true,"href":"https:\/\/adr-ag.de\/en\/wp-json\/wp\/v2\/comments?post=13507"}],"wp:featuredmedia":[{"embeddable":true,"href":"https:\/\/adr-ag.de\/en\/wp-json\/wp\/v2\/media\/14503"}],"wp:attachment":[{"href":"https:\/\/adr-ag.de\/en\/wp-json\/wp\/v2\/media?parent=13507"}],"wp:term":[{"taxonomy":"product_cat","embeddable":true,"href":"https:\/\/adr-ag.de\/en\/wp-json\/wp\/v2\/product_cat?post=13507"},{"taxonomy":"product_tag","embeddable":true,"href":"https:\/\/adr-ag.de\/en\/wp-json\/wp\/v2\/product_tag?post=13507"}],"curies":[{"name":"wp","href":"https:\/\/api.w.org\/{rel}","templated":true}]}}