{"id":13479,"date":"2015-04-15T10:48:43","date_gmt":"2015-04-15T10:48:43","guid":{"rendered":"http:\/\/new.adr-ag.de\/product\/teac-p55-cd-drucker-2-2\/"},"modified":"2024-03-06T10:22:31","modified_gmt":"2024-03-06T09:22:31","slug":"teac-p55-cd-drucker-2","status":"publish","type":"product","link":"https:\/\/adr-ag.de\/en\/product\/teac-p55-cd-drucker-2\/","title":{"rendered":"TEAC P55 CD Printer"},"content":{"rendered":"<div>\n<table border=\"0\" cellspacing=\"0\" cellpadding=\"0\" bgcolor=\"#ffffff\">\n<tbody>\n<tr>\n<td><strong>Printing method of the\u00a0<\/strong><strong>P-55C Thermo-Retransfer Printer<\/strong><\/p>\n<p>Thanks to the innovative\u00a0Thermo-Re-Transfer technique,\u00a0the\u00a0TEAC P55C allows for comfortable and reliable CD\/DVD\/BD prints\u00a0with brilliant photorealistic quality at an unbeatable price \/ performance ratio. Each color ribbon yields up to 2,000 monochrome or 500 color CD\/DVD\/BD prints. Another advantage is\u00a0its Clear Coating method which delivers scratch-resistant, water-repellent and UV-opaque prints without further processing. TEAC P-55C: the affordable standalone solution for the\u00a0professional finishing of CDs, DVDs\u00a0and Blu-ray Discs die kosteng\u00fcnstige Stand-Alone-L\u00f6sung f\u00fcr das professionelle Finishing von CDs und DVDs. See for yourself and order a free exemplary print today!<\/p>\n<p><strong>Comparison to conventional offset\u00a0print<\/strong><\/p>\n<p>Offset-printing allows for high quality CD, DVD and Blu-ray Disc prints but has following disadvantages: long lead times and high costs which only allow for a reasonable price \/ performance ration at higher volumes of\u00a0at least\u00a01,000 prints. The TEAC P-55C handles on-demand production of both lesser and larger quantities more efficiently. Compared to conventional print methods you\u00a0save up to 30% in costs and are independent from other producers.<\/td>\n<\/tr>\n<\/tbody>\n<\/table>\n<\/div>\n<div><\/div>\n<div>\n<table border=\"0\" cellspacing=\"0\" cellpadding=\"1\">\n<tbody>\n<tr>\n<td colspan=\"2\" height=\"25\"><strong>TEAC P-55C Specifications:<\/strong><\/td>\n<\/tr>\n<tr>\n<td>\n<table border=\"0\" cellspacing=\"1\" cellpadding=\"3\">\n<tbody>\n<tr bgcolor=\"#e8e8e8\">\n<td class=\"specs\" valign=\"top\" width=\"35%\"><strong>Print Method<\/strong><\/td>\n<td class=\"specs\">Thermal Re-transfer Printing, 3\u00a0color ribbon\u00a0types:\u00a0Black \/ CMYK \/ CMYK Photo<\/td>\n<\/tr>\n<tr bgcolor=\"#ffffff\">\n<td class=\"specs\" valign=\"top\" width=\"35%\"><strong>Media<\/strong><\/td>\n<td class=\"specs\">120 mm CD-R\/ DVD Disc, Blu-ray Disc,\u00a080 mm Mini Disc, Business Card Media Adapter optional<\/td>\n<\/tr>\n<tr bgcolor=\"#e8e8e8\">\n<td class=\"specs\" valign=\"top\" width=\"35%\"><strong>Ribbon Capacity<\/strong><\/td>\n<td class=\"specs\">500 prints per color ribbon\u00a0(Color\/Photo\/Versamax), 2,000\u00a0prints\u00a0per ribbon (black monochrome)<\/td>\n<\/tr>\n<tr bgcolor=\"#ffffff\">\n<td class=\"specs\" valign=\"top\" width=\"35%\"><strong>Print Resolution<\/strong><\/td>\n<td class=\"specs\">400 dpi<\/td>\n<\/tr>\n<tr bgcolor=\"#e8e8e8\">\n<td class=\"specs\" valign=\"top\" width=\"35%\"><strong>Print Speed<\/strong><\/td>\n<td class=\"specs\">65\u00a0sec. per photo in Best Mode, 60 sec.\u00a0Color, 55 sec. Versamax, 25\u00a0sec Black \/ White\u00a0\/ Disc (12 cm Disc)<\/td>\n<\/tr>\n<tr bgcolor=\"#ffffff\">\n<td class=\"specs\" valign=\"top\" width=\"35%\"><strong>Interface<\/strong><\/td>\n<td class=\"specs\">IEEE 1284 Parallel Port<\/td>\n<\/tr>\n<tr bgcolor=\"#e8e8e8\">\n<td class=\"specs\" valign=\"top\" width=\"35%\"><strong>Printer Driver<\/strong><\/td>\n<td class=\"specs\">Windows 2K\/XP, Linux Redhat 7.2<\/td>\n<\/tr>\n<tr bgcolor=\"#ffffff\">\n<td class=\"specs\" valign=\"top\" width=\"35%\"><strong>Power Supply<\/strong><\/td>\n<td class=\"specs\">AC100-120V, 200-240V\/ 50-60Hz<\/td>\n<\/tr>\n<tr bgcolor=\"#e8e8e8\">\n<td class=\"specs\" valign=\"top\" width=\"35%\"><strong>Power Consumption<\/strong><\/td>\n<td class=\"specs\">500 W or less<\/td>\n<\/tr>\n<tr bgcolor=\"#ffffff\">\n<td class=\"specs\" valign=\"top\" width=\"35%\"><strong>Dimensions\u00a0(mm)<\/strong><\/td>\n<td class=\"specs\">302(L) x 242(H) x 390(B)<\/td>\n<\/tr>\n<tr bgcolor=\"#e8e8e8\">\n<td class=\"specs\" valign=\"top\" width=\"35%\"><strong>\u00b4Weight<\/strong><\/td>\n<td class=\"specs\">22 kg<\/td>\n<\/tr>\n<\/tbody>\n<\/table>\n<\/td>\n<\/tr>\n<\/tbody>\n<\/table>\n<\/div>\n","protected":false},"excerpt":{"rendered":"<p><strong>about the TEAC P55 Printer :<\/strong><\/p>\n<p>The new\u00a0TEAC P-55C BD\/DVD\/<a href=\"https:\/\/www.adr-shop.com\/EN\/teac-p-55c\" target=\"_blank\" rel=\"noopener noreferrer\">CD Printer<\/a>\u00a0produces professional\u00a0CD\/DVD\/BD labels in unprecedented quality. As successor to the TEAC P55 B Micro Dry CD\u00a0Printers the new TEAC P55 C prints considerably faster without sacrficing print quality. The proven\u00a0Thermo Re-Transfer print technique with the worlds best print resolution on optical media prints high-resolution graphics, text and even compact barcodes on your CDs\/DVDs\/BDs.<\/p>\n<p>Barcodes facilitate the allocation of, for example, digital books or manuals in on-demand production environments.<\/p>\n<p>Whether used as\u00a0standalone device or\u00a0integrated in\u00a0a\u00a0TEAC P55 Autoprinter, this 400dpi Thermo ReTransfer Printer\u00a0quickly produces\u00a0photorealistic prints in unprecedented professional quality, which is sure to impress you.<\/p>\n[fusion_button link=\"https:\/\/www.adr-shop.com\/EN\/teac-p-55c\" color=\"custom\" size=\"small\" type=\"flat\" shape=\"round\" target=\"_blank\" title=\"\" gradient_colors=\"#67b8e1\" gradient_hover_colors=\"#67b8e1\" accent_color=\"#fff\" accent_hover_color=\"#fff\" bevel_color=\"\" border_width=\"0px\" shadow=\"no\" icon=\"\" icon_divider=\"yes\" icon_position=\"left\" modal=\"\" animation_type=\"0\" animation_direction=\"up\" animation_speed=\"1\" class=\"\" id=\"\"]Buy product[\/fusion_button]\n","protected":false},"featured_media":14751,"comment_status":"closed","ping_status":"closed","template":"","meta":[],"product_cat":[261,268],"product_tag":[],"_links":{"self":[{"href":"https:\/\/adr-ag.de\/en\/wp-json\/wp\/v2\/product\/13479"}],"collection":[{"href":"https:\/\/adr-ag.de\/en\/wp-json\/wp\/v2\/product"}],"about":[{"href":"https:\/\/adr-ag.de\/en\/wp-json\/wp\/v2\/types\/product"}],"replies":[{"embeddable":true,"href":"https:\/\/adr-ag.de\/en\/wp-json\/wp\/v2\/comments?post=13479"}],"wp:featuredmedia":[{"embeddable":true,"href":"https:\/\/adr-ag.de\/en\/wp-json\/wp\/v2\/media\/14751"}],"wp:attachment":[{"href":"https:\/\/adr-ag.de\/en\/wp-json\/wp\/v2\/media?parent=13479"}],"wp:term":[{"taxonomy":"product_cat","embeddable":true,"href":"https:\/\/adr-ag.de\/en\/wp-json\/wp\/v2\/product_cat?post=13479"},{"taxonomy":"product_tag","embeddable":true,"href":"https:\/\/adr-ag.de\/en\/wp-json\/wp\/v2\/product_tag?post=13479"}],"curies":[{"name":"wp","href":"https:\/\/api.w.org\/{rel}","templated":true}]}}