{"id":13355,"date":"2015-04-15T12:56:01","date_gmt":"2015-04-15T12:56:01","guid":{"rendered":"http:\/\/new.adr-ag.de\/product\/hurricane-2-cd-dvd-kopierroboter-2\/"},"modified":"2024-03-06T10:22:12","modified_gmt":"2024-03-06T09:22:12","slug":"hurricane-2-cd-dvd-kopierroboter","status":"publish","type":"product","link":"https:\/\/adr-ag.de\/en\/product\/hurricane-2-cd-dvd-kopierroboter\/","title":{"rendered":"Hurricane 2 CD \/ DVD duplicator"},"content":{"rendered":"<p align=\"justify\"><span id=\"result_box\" lang=\"en\"><strong>Operation<\/strong><\/span><\/p>\n<p><span class=\"hps\">The copying robots in the pc-connected version can optionally be connected to an existing control PC or alternatively be ordered with an integrated computer control (optional on request). The device can easily be supplemented with a <a href=\"https:\/\/www.adr-shop.com\/EN\/adr-hurricane-2-cd-dvd-copy-robot-with-teac-p-55\" target=\"_blank\" rel=\"noopener noreferrer\">CD\/DVD printer<\/a>.<\/span><\/p>\n<p>The printer can be subsequently replaced with a newer model.<br \/>\nThe CD\/DVD copy robot burns and prints the media fully automatic in one operation.<\/p>\n<p>The copying robot is delivered with the single-user software, and can be upgraded on request with the network solution.<\/p>\n<p><strong>Features<\/strong><\/p>\n<ul>\n<li><span id=\"result_box\" lang=\"en\"><span class=\"hps\">Powered by<\/span> <span class=\"hps\">award winning<\/span> <span class=\"hps\">software<\/span><\/span><strong> <strong>PADUS DiscJuggler<\/strong>\u00a0<\/strong>(<span id=\"result_box\" lang=\"en\"><span class=\"hps\">single user<\/span> <span class=\"hps\">or<\/span> <span class=\"hps\">network version<\/span> <span class=\"hps\">available)<\/span> <span class=\"hps\">or<\/span> <span class=\"hps\">optional<\/span> <span class=\"hps\">POINT<\/span> <span class=\"hps\">Publisher<\/span> <span class=\"hps\">software<\/span> <\/span><span id=\"result_box\" lang=\"en\"><span class=\"hps atn\">(<\/span>Alternative <span class=\"hps\">solution under<\/span> <span class=\"hps\">LINUX<\/span> <span class=\"hps\">or<\/span> <span class=\"hps\">MAC<\/span> <span class=\"hps\">environment<\/span> <span class=\"hps\">possible)<\/span> <\/span><\/li>\n<\/ul>\n<ul>\n<li><span id=\"result_box\" lang=\"en\"><span class=\"hps\">Networkable<\/span> <span class=\"hps\">LAN \/<\/span> <span class=\"hps\">WAN<\/span> <span class=\"hps\">with an unlimited<\/span> <span class=\"hps\">number of<\/span> <span class=\"hps\">clients and multiple<\/span> <span class=\"hps\">focal<\/span> <span class=\"hps\">stations<\/span> <\/span><\/li>\n<\/ul>\n<ul>\n<li><span id=\"result_box\" lang=\"en\"><span class=\"hps\">Direct<\/span> <span class=\"hps\">digital<\/span><span class=\"atn\">-to-<\/span>digital <span class=\"hps\">copying of a disc<\/span> <span class=\"hps\">with &#8220;on<\/span>-the-fly,&#8221; or <span class=\"hps\">on the<\/span> <span class=\"hps\">hard disk<\/span> <\/span><\/li>\n<\/ul>\n<ul>\n<li><span id=\"result_box\" lang=\"en\"><span class=\"hps\">Can<\/span> <span class=\"hps\">simultaneously<\/span> <span class=\"hps\">write<\/span> <span class=\"hps\">different copies<\/span> <span class=\"hps\">on<\/span> <span class=\"hps\">all<\/span> <span class=\"hps\">parallel<\/span> <span class=\"hps\">CD<\/span>-R <\/span><\/li>\n<\/ul>\n<ul>\n<li><span id=\"result_box\" lang=\"en\"><span class=\"hps\">Can<\/span> <span class=\"hps\">simultaneously<\/span> <span class=\"hps\">control multiple<\/span> <span class=\"hps\">CD<\/span> <span class=\"hps\">autoloader<\/span> <span class=\"hps atn\">(<\/span>robots) <\/span><\/li>\n<\/ul>\n<ul>\n<li><span id=\"result_box\" lang=\"en\"><span class=\"hps\">Expandable<\/span> with <span class=\"hps\">to up to 8<\/span> <span class=\"hps\">Drives<\/span> <\/span><\/li>\n<\/ul>\n<ul>\n<li><span id=\"result_box\" lang=\"en\"><span class=\"hps\">Can<\/span> <span class=\"hps\">perform the following functions<\/span>:<\/span><\/li>\n<\/ul>\n<p>&#8211; <span id=\"result_box\" lang=\"en\"><span class=\"hps\">Copy<\/span> <span class=\"hps\">CD<\/span>-ROM <span class=\"hps\">CD<\/span> <span class=\"hps\">Image File<\/span> <\/span><\/p>\n<p>&#8211; <span id=\"result_box\" lang=\"en\"><span class=\"hps\">Copy<\/span> <span class=\"hps\">CD<\/span> <span class=\"hps\">Image File<\/span> <span class=\"hps\">to<\/span> <span class=\"hps\">CD<\/span> <span class=\"hps atn\">Recorder (<\/span>supports CD <span class=\"hps\">image files<\/span> <span class=\"hps\">that were created<\/span> <span class=\"hps\">on a CD<\/span> <span class=\"hps\">pre-mastering<\/span> <span class=\"hps\">application<\/span>) <\/span><\/p>\n<p>&#8211; <span id=\"result_box\" lang=\"en\"> <span class=\"hps\">Can process output of<\/span> <span class=\"hps\">for example<\/span> <span class=\"hps\">based<\/span> <span class=\"hps\">Easy CD<\/span> <span class=\"hps\">&#x2122; or<\/span> <span class=\"hps\">other<\/span> <span class=\"hps\">ASPI<\/span> <span class=\"hps\">CD<\/span> <span class=\"hps\">pre-mastering<\/span> <span class=\"hps\">application<\/span> <span class=\"hps\">to<\/span> <span class=\"hps\">multiple<\/span> <\/span><\/p>\n<p>&#8211; <span id=\"result_box\" lang=\"en\"><span class=\"hps atn\">CD-<\/span>R <span class=\"hps\">drives<\/span> <\/span><\/p>\n<p>&#8211; Batch Copy Mode<\/p>\n<p>&#8211; Customise CD\/DVDs<\/p>\n<ul>\n<li>Rare need of service<\/li>\n<\/ul>\n<ul>\n<li>Professional Audio Duplication.<\/li>\n<\/ul>\n<ul>\n<li>2 CD\/DVD -Combo burner (SATA, CD-R\/DVD-R 16x\/40x and DL)<\/li>\n<\/ul>\n<ul>\n<li><span id=\"result_box\" lang=\"en\"><span class=\"hps\">Verification through a<\/span> <span class=\"hps\">&#8220;low level<\/span> <span class=\"hps\">compare&#8221;<\/span> <span class=\"hps\">of the<\/span> <span class=\"hps\">master and<\/span> <span class=\"hps\">CD<\/span><span class=\"atn\">&#8211;<\/span>Copy to check <span class=\"hps\">if the copy is correct<\/span> <\/span><\/li>\n<\/ul>\n<ul>\n<li><span id=\"result_box\" lang=\"en\"><span class=\"hps\">Sophisticated<\/span> <span class=\"hps\">Audio<\/span> <span class=\"hps\">Resynchronization<\/span> <span class=\"hps\">reading mode<\/span> <span class=\"hps\">for high reliability<\/span> <span class=\"hps\">when copying a<\/span> <span class=\"hps\">digital<\/span> <span class=\"hps\">audio CD<\/span><br \/>\n<span class=\"hps atn\">(CD-<\/span>DA \/ <span class=\"hps\">COMPACT DISC<\/span>) <span class=\"hps\">in professional applications<\/span>. <\/span><\/li>\n<\/ul>\n<ul>\n<li><span id=\"result_box\" lang=\"en\"><span class=\"hps\">&#8220;On-the<\/span>-fly&#8221; <span class=\"hps\">to correct<\/span> <span class=\"hps\">the<\/span> <span class=\"hps\">Error<\/span> <span class=\"hps\">sectors<\/span>. <\/span><\/li>\n<\/ul>\n<ul>\n<li><span id=\"result_box\" lang=\"en\"><span class=\"hps\">Intuitive and<\/span> <span class=\"hps\">user friendly interface<\/span> <span class=\"hps\">for beginners and experts<\/span> <span class=\"hps\">(Windows or<\/span> <span class=\"hps\">Linux)<\/span><\/span><\/li>\n<\/ul>\n<p><strong>Technical details<\/strong><\/p>\n<ul>\n<li>Max. compatbility for all burners.<\/li>\n<li>Stable and sturdy construktion ensured long lifespan of the device.<\/li>\n<li>BIOS Upgrade available<\/li>\n<li>Optional USB-connector available (for managing the harddisk)<\/li>\n<li>2 CD\/DVD combo burner (SATA, CD-R\/DVD-R 16x\/40x and DL).<\/li>\n<li>125 Disc magazine<\/li>\n<li>8cm CD\/DVD Adapter (optional)<\/li>\n<li>Supports the following formats: DVD-5, DVD-Video, DVD-ROM, DVD-Audio, DVD-R, DVD-RW, DVD+R, DVD+RW, Dual Layer,\u00a0CD-ROM mode 1, CD-ROM mode 2, CD-ROM\/XA (mode 2 form 1 &amp; form 2), CD-DA (Audio CD), MixedMode CD, Video CD, CD-I, Karaoke CD, Photo CD\u00a0(single session &amp; multisession), HFS, ISO 9660, CD-Bridge, CD-Extra, CD+G, ISRC, multisession, name-card CD, 21 min CD, 63 min CD, 74min CD, 80min CD, CD-R und CD-RW<\/li>\n<\/ul>\n","protected":false},"excerpt":{"rendered":"<p><strong>about the &#8220;Hurricane 2&#8221; CD\/DVD duplicator:<\/strong><\/p>\n<p align=\"justify\">The ADR Hurricane copy robots are highly recommended for<span id=\"result_box\" lang=\"en\"><span title=\"F\u00fcr schnelle Produktionen von CD-R und DVD-R Medien und dem bestm\u00f6glichen Druckbild empfehlen wir den vollautomatischen CD\/DVD Duplizierer Hurricane mit einem CD\/DVD\/BD Brenner, 375er Magazin und dem PowerPro III Thermodrucker.\"> fast paced productions of CD-R and DVD-R media.<\/span><\/span><span id=\"result_box\" lang=\"en\"><span title=\"Mit seiner patentierten Industrierobotik arbeitet dieses Ger\u00e4t besonders zuverl\u00e4ssig und kommt in vielen On-Demand Produktionen zum Einsatz. \"> With its patented industrial robotics, this device works highly reliable and comes is often used for on-demand productions.<\/span><\/span><\/p>\n<p align=\"justify\"><span id=\"result_box\" lang=\"en\"><span title=\"Des weiteren ist der Hurricane CD\/DVD\/BD Duplizierer nachtr\u00e4glich auf bis zu 8 Brenner und ein 600er Magazin ausbaubar und unterst\u00fctzt bereits heute 8 cm CDs und DVDs, sowie Visitenkarten Format.\">Furthermore the Hurricane <a href=\"https:\/\/www.adr-shop.com\/EN\/adr-hurricane-2-cd-dvd-copy-robot-with-teac-p-55\" target=\"_blank\" rel=\"noopener noreferrer\">CD\/DVD duplicator<\/a> is subsequently expandable with up to 8 burners and a 600 capacity magazine and it already supports 8 cm CDs and DVDs, as well as business card formats. <\/span><span title=\"Neben dem Aufr\u00fcsten der Brennkapazit\u00e4t k\u00f6nnen Sie ADR Duplizierer auch nachtr\u00e4glich auf Blu-ray von uns umr\u00fcsten lassen.\">In addition to being able to upgrade the internal capacity you can have our ADR duplicators modified to Blu-ray by us. <\/span><span title=\"Auf diese Weise sch\u00fctzen Sie Ihre Investition und bleiben flexibel f\u00fcr die Zukunft. \">By doing so you can protect your investment and remain flexible for the future.<\/span><\/span><\/p>\n<p align=\"justify\"><span id=\"result_box\" lang=\"en\"><span title=\"Nachhaltigkeit bedeutet f\u00fcr ADR, dass Sie flexibel Ihr System mit neuen Druckm\u00f6glichkeiten oder Brennlaufwerken nachr\u00fcsten k\u00f6nnen.\">Sustainability for ADR means that you can flexibly upgrade your system with new printing possibilities or recording drives. <\/span><span title=\"Nur so ist Ihre Investition langfristig wirtschaftlich.\">Only by doing this your investvion is guaranteed to be long term economic. <\/span><span title=\"Einige unserer Kunden arbeiten bereits seit \u00fcber 10 Jahren mit demselben ADR Roboter.\">Some of our customers have been working with the same ADR robot for 10 years. <\/span><span title=\"Das sch\u00fctzt nicht nur Ihre Investition, sondern auch die Umwelt.\">This does not only protect your investment, but also the environment<\/span><\/span>.<\/p>\n[fusion_button link=\"https:\/\/www.adr-shop.com\/EN\/adr-hurricane-2-cd-dvd-copy-robot-with-teac-p-55\" color=\"custom\" size=\"small\" type=\"flat\" shape=\"round\" target=\"_blank\" title=\"\" gradient_colors=\"#67b8e1\" gradient_hover_colors=\"#67b8e1\" accent_color=\"#fff\" accent_hover_color=\"#fff\" bevel_color=\"\" border_width=\"0px\" shadow=\"no\" icon=\"\" icon_divider=\"yes\" icon_position=\"left\" modal=\"\" animation_type=\"0\" animation_direction=\"up\" animation_speed=\"1\" class=\"\" id=\"\"]Buy product[\/fusion_button]\n","protected":false},"featured_media":14671,"comment_status":"closed","ping_status":"closed","template":"","meta":[],"product_cat":[230,244],"product_tag":[],"_links":{"self":[{"href":"https:\/\/adr-ag.de\/en\/wp-json\/wp\/v2\/product\/13355"}],"collection":[{"href":"https:\/\/adr-ag.de\/en\/wp-json\/wp\/v2\/product"}],"about":[{"href":"https:\/\/adr-ag.de\/en\/wp-json\/wp\/v2\/types\/product"}],"replies":[{"embeddable":true,"href":"https:\/\/adr-ag.de\/en\/wp-json\/wp\/v2\/comments?post=13355"}],"wp:featuredmedia":[{"embeddable":true,"href":"https:\/\/adr-ag.de\/en\/wp-json\/wp\/v2\/media\/14671"}],"wp:attachment":[{"href":"https:\/\/adr-ag.de\/en\/wp-json\/wp\/v2\/media?parent=13355"}],"wp:term":[{"taxonomy":"product_cat","embeddable":true,"href":"https:\/\/adr-ag.de\/en\/wp-json\/wp\/v2\/product_cat?post=13355"},{"taxonomy":"product_tag","embeddable":true,"href":"https:\/\/adr-ag.de\/en\/wp-json\/wp\/v2\/product_tag?post=13355"}],"curies":[{"name":"wp","href":"https:\/\/api.w.org\/{rel}","templated":true}]}}