{"id":13331,"date":"2015-04-15T13:06:33","date_gmt":"2015-04-15T13:06:33","guid":{"rendered":"http:\/\/new.adr-ag.de\/product\/epson-discproducer-pp-100n-2\/"},"modified":"2024-03-06T10:22:09","modified_gmt":"2024-03-06T09:22:09","slug":"epson-discproducer-pp-100n","status":"publish","type":"product","link":"https:\/\/adr-ag.de\/en\/product\/epson-discproducer-pp-100n\/","title":{"rendered":"Epson Discproducer&#x2122; PP-100N"},"content":{"rendered":"<p><strong>Technology<\/strong><\/p>\n<p><span id=\"result_box\" lang=\"en\" tabindex=\"-1\"><span title=\"Highend-Drucktechnologie und Robotik Die Qualit\u00e4t eines Produktionssystems f\u00fcr das Brennen und Bedrucken von CD\/DVD-Rohlingen wird \u00fcberwiegend durch die Pr\u00e4zision und das Zusammenspiel von Drucktechnologie, Software und Robotik bestimmt.\">High- pressure technology and robotics , the quality of a production system for burning and printing CD \/ DVD media is largely determined by the precision and the interplay of printing technology , software and robotics. <\/span><span title=\"Epson in Zusammenarbeit mit ADR sind die einzigen Anbieter, die sowohl Tintenstrahldrucker als auch Pr\u00e4zisions-Roboter f\u00fcr die Industrie selbst entwickeln und weltweit vermarkten. \">Epson, in cooperation with ADR are the only suppliers that develop both inkjet and precision robots for the industry itself and market them worldwide .<\/span><\/span><\/p>\n<div><strong><span id=\"result_box\" lang=\"en\" tabindex=\"-1\"><span class=\"hps\">Effective<\/span> <span class=\"hps\">workflow<\/span> <\/span><\/strong><\/div>\n<div><span id=\"result_box\" lang=\"en\" tabindex=\"-1\"><br \/>\n<span class=\"hps\">The integrated logic<\/span> <span class=\"hps\">of the<\/span> <span class=\"hps\">PP<\/span>-100N <span class=\"hps\">saves the<\/span> <span class=\"hps\">jobs<\/span> <span class=\"hps\">of several<\/span> <span class=\"hps\">users and<\/span> <span class=\"hps\">it<\/span> <span class=\"hps\">works<\/span> <span class=\"hps\">from<\/span> <span class=\"hps\">one to the next<\/span>. <span class=\"hps\">Your<\/span> <span class=\"hps\">employees save<\/span> <span class=\"hps\">working hours<\/span> <span class=\"hps\">and your network<\/span> <span class=\"hps\">is considerably relieved<\/span>, because <span class=\"hps\">the<\/span> <span class=\"hps\">data must not be sent for each clone<\/span>.<\/span><\/div>\n<div><\/div>\n<div>\n<div><strong><span id=\"result_box\" lang=\"en\" tabindex=\"-1\"><span class=\"hps\">Multiple users<\/span> <span class=\"hps\">simultaneously<\/span> <\/span><\/strong><\/div>\n<ul>\n<li><span id=\"result_box\" lang=\"en\" tabindex=\"-1\"><span class=\"hps\">Multiple<\/span> <span class=\"hps\">operators can<\/span> work <span class=\"hps\">parallel<\/span> <span class=\"hps\">with the system<\/span>. <\/span><\/li>\n<li><span id=\"result_box\" lang=\"en\" tabindex=\"-1\"><span class=\"hps\">The Epson<\/span> <a href=\"https:\/\/www.adr-shop.com\/EN\/epson-disc-producer-pp-100n-netzwork-version\" target=\"_blank\" rel=\"noopener noreferrer\"><span class=\"hps\">Discproducer<\/span><\/a> <span class=\"hps\">PP<\/span>-100N <span class=\"hps\">processed<\/span> <span class=\"hps\">up to 5<\/span> <span class=\"hps\">orders<\/span> <span class=\"hps\">at the same time<\/span>. <\/span><\/li>\n<li><span id=\"result_box\" lang=\"en\" tabindex=\"-1\"><span class=\"hps\">The system<\/span> <span class=\"hps\">stores up to<\/span> <span class=\"hps\">80<\/span> <span class=\"hps\">Awarded on its<\/span> <span class=\"hps\">internal hard drive.<\/span> <span class=\"hps\">The last<\/span> <span class=\"hps\">can be recalled at any time<\/span> <span class=\"hps\">so it can be used as a template<\/span> and <span class=\"hps\">be produced<\/span> <span class=\"hps\">again.<\/span><\/span><\/li>\n<\/ul>\n<div><strong><span id=\"result_box\" lang=\"en\" tabindex=\"-1\"><span class=\"hps\">Protection<\/span> <span class=\"hps\">and data security<\/span> <\/span><\/strong><\/div>\n<div><\/div>\n<div><span id=\"result_box\" lang=\"en\" tabindex=\"-1\"><span class=\"hps\">Disable the<\/span> <span class=\"hps\">burning drives<\/span> <span class=\"hps\">and<\/span> <span class=\"hps\">local<\/span> <span class=\"hps\">computer of the printer.<\/span> <span class=\"hps\">With<\/span> <span class=\"hps\">the network<\/span> <span class=\"hps\">Publisher<\/span> <span class=\"hps\">you<\/span> <span class=\"hps\">control<\/span> <span class=\"hps\">the<\/span> <span class=\"hps\">copy operations<\/span> of<span class=\"hps\"> your valuable data<\/span> <span class=\"hps\">and<\/span> <span class=\"hps\">media.<\/span> <\/span><\/div>\n<div><span id=\"result_box\" lang=\"en\" tabindex=\"-1\"><span class=\"hps\">A<\/span> <span class=\"hps\">door lock<\/span> <span class=\"hps\">prevents<\/span> <span class=\"hps\">interrupting the<\/span> <span class=\"hps\">production while in<\/span> <span class=\"hps\">operation<\/span> <span class=\"hps\">and so it avoids<\/span> <span class=\"hps\">eventual<\/span> <span class=\"hps\">failures.<\/span><\/span><\/div>\n<\/div>\n<div><\/div>\n<div><strong>Features<\/strong><\/div>\n<div>\n<ul>\n<li>R<span id=\"result_box\" lang=\"en\" tabindex=\"-1\"><span class=\"hps\">eliability<\/span> <\/span><\/li>\n<li><span id=\"result_box\" lang=\"en\" tabindex=\"-1\"><span class=\"hps\">Print quality<\/span> <\/span><\/li>\n<li><span id=\"result_box\" lang=\"en\" tabindex=\"-1\"><span class=\"hps\">Cheapest<\/span> <span class=\"hps\">printing costs<\/span> <\/span><\/li>\n<li>Comfort<\/li>\n<li>Compact design<\/li>\n<li>High Capacity<\/li>\n<li>Single ink cardridges<\/li>\n<li>Patented robotics<\/li>\n<li>Integrated PC<\/li>\n<li>Network capability<\/li>\n<\/ul>\n<\/div>\n<div><\/div>\n","protected":false},"excerpt":{"rendered":"<p><strong>about the EPSON Discproducer&#x2122; PP-100N:<\/strong><\/p>\n<p><span id=\"result_box\" lang=\"en\" tabindex=\"-1\"><span title=\"Zwei Kerntechnologien wurden hier zu einem einzigartigen, professionellen Produkt vereint, dem EPSON Disc Producer CD\/DVD Kopierer.\">Two core technologies have been combined to create a unique, professional product, the EPSON Discproducer CD \/ DVD copier. <\/span><span title=\"Der hier angebotene EPSON Disc Producer PP-100N verf\u00fcgt \u00fcber einen integrierten PC und kann problemlos in Ihr Firmennetzwerk integriert werden.\">The here offered EPSON <a href=\"https:\/\/www.adr-shop.com\/EN\/epson-disc-producer-pp-100n-netzwork-version\" target=\"_blank\" rel=\"noopener noreferrer\">Discproducer<\/a> PP -100N has a built PC and can be easily integrated into your corporate network . <\/span><span title=\"Auf diese Weise k\u00f6nnen alle autorisierten User auf dieses professionelle CD\/DVD Produktionssystem zugreifen. \">In this way, all authorized users can access this professional CD \/ DVD production system.<\/span><\/span><\/p>\n<p><span title=\"Nat\u00fcrlich gl\u00e4nzt das Ger\u00e4t auch mit den bekannten Vorteilen der Disc Producer Serie.\">Of course the unit also shines with the known advantages of the Discproducer series . <\/span><span title=\"Insbesondere durch die einzelnen Tintenpatronen wodurch sich das System markant von dem Mitbewerb abhebt.\">In particular, the individual ink cartridges so the system is a distinctive difference from the competition . <\/span><span title=\"Im Vergleich zu bisherigen Systemen werden hier tats\u00e4chlich zu 100% die Tinten aufgebraucht.\">Compared to previous systems, the inks are actually here to 100 % depleted. <\/span><span title=\"Dadurch erreicht dieses System die g\u00fcnstigsten Kosten per Disk f\u00fcr Ger\u00e4te seiner Klasse.\">Thus , this system achieved the lowest cost per disc for devices in its class. <\/span><span title=\"Kombiniert mit den patentierten Watershield Medien machen Sie damit aus Ihren produzierten CDs und DVDs einen echten Blickfang und k\u00f6nnen die erstellten Medien Ideal auch f\u00fcr Marketingzwecke einsetzen.\">Combined with the patented Water Shield media you do with it from your CDs and DVDs produced a real eye-catcher and can the created media Ideal use for marketing purposes .<\/span><\/p>\n[fusion_button link=\"https:\/\/www.adr-shop.com\/EN\/epson-disc-producer-pp-100n-netzwork-version\" color=\"custom\" size=\"small\" type=\"flat\" shape=\"round\" target=\"_blank\" title=\"\" gradient_colors=\"#67b8e1\" gradient_hover_colors=\"#67b8e1\" accent_color=\"#fff\" accent_hover_color=\"#fff\" bevel_color=\"\" border_width=\"0px\" shadow=\"no\" icon=\"\" icon_divider=\"yes\" icon_position=\"left\" modal=\"\" animation_type=\"0\" animation_direction=\"up\" animation_speed=\"1\" class=\"\" id=\"\"]Buy product[\/fusion_button]\n","protected":false},"featured_media":14661,"comment_status":"closed","ping_status":"closed","template":"","meta":[],"product_cat":[230,240],"product_tag":[],"_links":{"self":[{"href":"https:\/\/adr-ag.de\/en\/wp-json\/wp\/v2\/product\/13331"}],"collection":[{"href":"https:\/\/adr-ag.de\/en\/wp-json\/wp\/v2\/product"}],"about":[{"href":"https:\/\/adr-ag.de\/en\/wp-json\/wp\/v2\/types\/product"}],"replies":[{"embeddable":true,"href":"https:\/\/adr-ag.de\/en\/wp-json\/wp\/v2\/comments?post=13331"}],"wp:featuredmedia":[{"embeddable":true,"href":"https:\/\/adr-ag.de\/en\/wp-json\/wp\/v2\/media\/14661"}],"wp:attachment":[{"href":"https:\/\/adr-ag.de\/en\/wp-json\/wp\/v2\/media?parent=13331"}],"wp:term":[{"taxonomy":"product_cat","embeddable":true,"href":"https:\/\/adr-ag.de\/en\/wp-json\/wp\/v2\/product_cat?post=13331"},{"taxonomy":"product_tag","embeddable":true,"href":"https:\/\/adr-ag.de\/en\/wp-json\/wp\/v2\/product_tag?post=13331"}],"curies":[{"name":"wp","href":"https:\/\/api.w.org\/{rel}","templated":true}]}}