{"id":13323,"date":"2015-04-15T13:08:03","date_gmt":"2015-04-15T13:08:03","guid":{"rendered":"http:\/\/new.adr-ag.de\/product\/epson-discproducer-pp-50-2\/"},"modified":"2024-03-06T10:22:06","modified_gmt":"2024-03-06T09:22:06","slug":"epson-discproducer-pp-50","status":"publish","type":"product","link":"https:\/\/adr-ag.de\/en\/product\/epson-discproducer-pp-50\/","title":{"rendered":"Epson Discproducer &#x2122; PP-50"},"content":{"rendered":"<p><strong>Technology<\/strong><\/p>\n<p><span id=\"result_box\" lang=\"en\" tabindex=\"-1\"><span title=\"Highend-Drucktechnologie und Robotik Die Qualit\u00e4t eines Produktionssystems f\u00fcr das Brennen und Bedrucken von CD\/DVD-Rohlingen wird \u00fcberwiegend durch die Pr\u00e4zision und das Zusammenspiel von Drucktechnologie, Software und Robotik bestimmt.\">High- pressure technology and robotics, the quality of a production system for burning and printing CD \/ DVD media is largely determined by the precision and the interplay of printing technology , software and robotics. <\/span><span title=\"Epson in Zusammenarbeit mit ADR sind die einzigen Anbieter, die sowohl Tintenstrahldrucker als auch Pr\u00e4zisions-Roboter f\u00fcr die Industrie selbst entwickeln und weltweit vermarkten. \">Epson , in cooperation with ADR are the only suppliers that develop both inkjet and precision robots for the industry itself and market them worldwide .<\/span><\/span><\/p>\n<p><span id=\"result_box\" lang=\"en\" tabindex=\"-1\"><strong><span class=\"hps\">Duplicating<\/span> <span class=\"hps\">service<\/span><\/strong><\/span><\/p>\n<p><span class=\"hps\">You are a<\/span> <span class=\"hps\">on<\/span> <span class=\"hps\">duplicating<\/span> <span class=\"hps\">CD \/<\/span> <span class=\"hps\">DVD media<\/span> <span class=\"hps\">specialist service provider<\/span>? <span class=\"hps\">Use the<\/span> <span class=\"hps\">Epson<\/span> <span class=\"hps\">Discproducer<\/span> <span class=\"hps\">PP-50<\/span> <span class=\"hps\">&#x2122;<\/span>, <span class=\"hps\">to enter the<\/span> <span class=\"hps\">high-margin<\/span> <span class=\"hps\">and<\/span> <span class=\"hps\">fast growing<\/span> <span class=\"hps\">media production market<\/span>. <span class=\"hps\">Whether<\/span> <span class=\"hps\">for series<\/span> <span class=\"hps\">or<\/span> <span class=\"hps\">individual production,<\/span> <span class=\"hps\">the high reliability<\/span> <span class=\"hps\">and efficiency<\/span> <span class=\"hps\">of<\/span> <span class=\"hps\">Robotics and<\/span> <span class=\"hps\">color printing<\/span> <span class=\"hps\">make the<\/span> <span class=\"hps\">Epson<\/span> <a href=\"https:\/\/www.adr-shop.com\/EN\/epson-disc-producer-pp-50\" target=\"_blank\" rel=\"noopener noreferrer\"><span class=\"hps\">Discproducer<\/span><\/a> <span class=\"hps\">&#x2122;<\/span> <span class=\"hps\">is the ideal<\/span> <span class=\"hps\">entry level system<\/span> <span class=\"hps\">for service providers.<\/span><\/p>\n<div dir=\"ltr\">\n<p><span id=\"result_box\" lang=\"en\" tabindex=\"-1\"><strong><span class=\"hps\">Clinics and Practices<\/span><\/strong><\/span><\/p>\n<p><span class=\"hps\">The change<\/span> <span class=\"hps\">from analogue<\/span> <span class=\"hps\">X-ray or<\/span> <span class=\"hps\">CT<\/span> <span class=\"hps\">film to digital<\/span> <span class=\"hps\">imaging offers<\/span> <span class=\"hps\">new<\/span> <span class=\"hps\">perspectives in order to<\/span> <span class=\"hps\">reduce process costs<\/span> <span class=\"hps\">and<\/span> <span class=\"hps\">improving patient<\/span> <span class=\"hps\">service.<\/span> <span class=\"hps\">Through the<\/span> <span class=\"hps\">use of digital<\/span> <span class=\"hps\">patient data such as<\/span> <span class=\"hps\">radiology, cardiology<\/span>, ultrasound or <span class=\"hps\">CT images<\/span> <span class=\"hps\">doctors and<\/span> <span class=\"hps\">patients can be<\/span> <span class=\"hps\">informed<\/span> <span class=\"hps\">faster, better and<\/span> <span class=\"hps\">safer.<\/span><\/p>\n<\/div>\n<div dir=\"ltr\"><\/div>\n<div dir=\"ltr\">\n<div>\n<p><strong>Features<\/strong><\/p>\n<ul>\n<li><span id=\"result_box\" lang=\"en\" tabindex=\"-1\"><span class=\"hps\">Reliability<\/span> <\/span><\/li>\n<li><span id=\"result_box\" lang=\"en\" tabindex=\"-1\"><span class=\"hps\">Print quality<\/span> <\/span><\/li>\n<li><span id=\"result_box\" lang=\"en\" tabindex=\"-1\"><span class=\"hps\">Cheapest<\/span> <span class=\"hps\">printing costs<\/span> <\/span><\/li>\n<li><span id=\"result_box\" lang=\"en\" tabindex=\"-1\"><span class=\"hps\">Comfort<\/span> <\/span><\/li>\n<li><span id=\"result_box\" lang=\"en\" tabindex=\"-1\"><span class=\"hps\">Compact design<\/span> <\/span><\/li>\n<li><span id=\"result_box\" lang=\"en\" tabindex=\"-1\"><span class=\"hps\">High capacity<\/span> <\/span><\/li>\n<li>Single Ink Cardridges<\/li>\n<li><span id=\"result_box\" lang=\"en\" tabindex=\"-1\"><span class=\"hps\">Patented<\/span> <span class=\"hps\">Robotics<\/span><\/span><\/li>\n<\/ul>\n<\/div>\n<\/div>\n","protected":false},"excerpt":{"rendered":"<p><strong>about the EPSON Discproducer&#x2122; PP-50:<\/strong><\/p>\n<p><span id=\"result_box\" lang=\"en\" tabindex=\"-1\"><span title=\"Der Epson Disc Producer PP50 ist der kleine Bruder des PP100 und wurde auf der CEBIT 2011 das 1. mal der Welt\u00f6ffentlichkeit pr\u00e4sentiert.\">The Epson <a href=\"https:\/\/www.adr-shop.com\/EN\/epson-disc-producer-pp-50\" target=\"_blank\" rel=\"noopener noreferrer\">Discproducer<\/a> PP50 is the little brother of PP100 and was presented at the CEBIT 2011, the first time the world public. <\/span><span title=\"Die Kapazit\u00e4t betr\u00e4gt 50 Disc. Der separate Ausgabeschacht sowie die Netzwerkoption bleiben dem Epson PP100 vorbehalten. \">The capacity is 50 disc, all the separate output shaft as well as the network option to stay the Epson PP100 reserved.<\/span><\/span><\/p>\n<p><span title=\"Ein besonderes Merkmal dieses Ger\u00e4tes sind die einzelnen Tintenpatronen wodurch sich das System markant von den Mitbewerbern abhebt.\">A special feature of this device are the individual ink cartridges which makes the system significantly stands out from its competitors. <\/span><span title=\"Im Vergleich zu bisherigen Systemen werden hier tats\u00e4chlich zu 100% die Tinten aufgebraucht.\">Compared to previous systems, the inks are actually here to 100 % depleted. <\/span><span title=\"Dadurch erreicht dieses System die g\u00fcnstigsten Kosten per Disk f\u00fcr Ger\u00e4te seiner Klasse.\">Thus , this system achieved the lowest cost per disc for devices in its class. <\/span><span title=\"Kombiniert mit den patentierten Watershield Medien machen Sie damit aus Ihren produzierten CDs und DVDs einen echten Blickfang und k\u00f6nnen die erstellten Medien Ideal auch f\u00fcr Marketingzwecke einsetzen.\">Combined with the patented Water Shield media you do with it from your CDs and DVDs produced a real eye-catcher and can the created media Ideal use for marketing purposes .<\/span><\/p>\n[fusion_button link=\"https:\/\/www.adr-shop.com\/EN\/epson-disc-producer-pp-50\" color=\"custom\" size=\"small\" type=\"flat\" shape=\"round\" target=\"_blank\" title=\"\" gradient_colors=\"#67b8e1\" gradient_hover_colors=\"#67b8e1\" accent_color=\"#fff\" accent_hover_color=\"#fff\" bevel_color=\"\" border_width=\"0px\" shadow=\"no\" icon=\"\" icon_divider=\"yes\" icon_position=\"left\" modal=\"\" animation_type=\"0\" animation_direction=\"up\" animation_speed=\"1\" class=\"\" id=\"\"]Buy product[\/fusion_button]\n","protected":false},"featured_media":14653,"comment_status":"closed","ping_status":"closed","template":"","meta":[],"product_cat":[230,240],"product_tag":[],"_links":{"self":[{"href":"https:\/\/adr-ag.de\/en\/wp-json\/wp\/v2\/product\/13323"}],"collection":[{"href":"https:\/\/adr-ag.de\/en\/wp-json\/wp\/v2\/product"}],"about":[{"href":"https:\/\/adr-ag.de\/en\/wp-json\/wp\/v2\/types\/product"}],"replies":[{"embeddable":true,"href":"https:\/\/adr-ag.de\/en\/wp-json\/wp\/v2\/comments?post=13323"}],"wp:featuredmedia":[{"embeddable":true,"href":"https:\/\/adr-ag.de\/en\/wp-json\/wp\/v2\/media\/14653"}],"wp:attachment":[{"href":"https:\/\/adr-ag.de\/en\/wp-json\/wp\/v2\/media?parent=13323"}],"wp:term":[{"taxonomy":"product_cat","embeddable":true,"href":"https:\/\/adr-ag.de\/en\/wp-json\/wp\/v2\/product_cat?post=13323"},{"taxonomy":"product_tag","embeddable":true,"href":"https:\/\/adr-ag.de\/en\/wp-json\/wp\/v2\/product_tag?post=13323"}],"curies":[{"name":"wp","href":"https:\/\/api.w.org\/{rel}","templated":true}]}}