{"id":13319,"date":"2015-04-15T13:09:21","date_gmt":"2015-04-15T13:09:21","guid":{"rendered":"http:\/\/new.adr-ag.de\/product\/epson-discproducer-pp-100autoprinter-2\/"},"modified":"2024-03-06T10:22:05","modified_gmt":"2024-03-06T09:22:05","slug":"epson-discproducer-pp-100autoprinter","status":"publish","type":"product","link":"https:\/\/adr-ag.de\/en\/product\/epson-discproducer-pp-100autoprinter\/","title":{"rendered":"Epson Discproducer &#x2122; PP-100Autoprinter"},"content":{"rendered":"<div>\n<p><span id=\"result_box\" lang=\"en\"><strong><span class=\"hps\">Easy to use<\/span> <span class=\"hps\">software<\/span><\/strong> <\/span><\/p>\n<p><span class=\"hps\">Make<\/span> <span class=\"hps\">playing<\/span> <span class=\"hps\">a theme<\/span> <span class=\"hps\">for your optical<\/span> <span class=\"hps\">disk<\/span> <span class=\"hps\">together<\/span>. <span class=\"hps\">Import all<\/span> <span class=\"hps\">popular graphic<\/span> <span class=\"hps\">formats<\/span>, and add <span class=\"hps\">fonts.<\/span> <span class=\"hps\">Anyone can<\/span> <span class=\"hps\">immediately begin working with<\/span> <span class=\"hps\">the<\/span> <span class=\"hps\">intuitive<\/span> <span class=\"hps\">software interface.<\/span><br \/>\n<span class=\"hps\">You have the choice<\/span> <span class=\"hps\">between<\/span> <span class=\"hps\">three<\/span> <span class=\"hps\">levels of quality<\/span> <span class=\"hps\">when printing.<\/span> <span class=\"hps\">The higher the quality<\/span>, <span class=\"hps\">the longer the<\/span> <span class=\"hps\">print time;<\/span><\/p>\n<\/div>\n<div>Quality<strong>:<\/strong>50 Media per hour<br \/>\nSpeed: 70 Media per hour<br \/>\nHigh-speed:<b> <\/b>95 media per hour<\/div>\n<div><\/div>\n<div>\n<p><span id=\"result_box\" lang=\"en\"><strong><span class=\"hps\">Maintenance of the<\/span> <span class=\"hps atn\">PP-<\/span>100AP<\/strong> <\/span><\/p>\n<p><span class=\"hps\">Approximately every<\/span> <span class=\"hps\">30,000<\/span> <span class=\"hps\">discs, you<\/span> <span class=\"hps\">need to replace the<\/span> <span class=\"hps\">Maintenance Cartridge<\/span>.<br \/>\n<span class=\"hps\">The<\/span> <span class=\"hps\">maintenance<\/span> <span class=\"hps\">cartridge<\/span> <span class=\"hps\">can be<\/span> <span class=\"hps\">with<\/span> <span class=\"hps\">only<\/span><br \/>\n<span class=\"hps\">Replacing<\/span> <span class=\"hps\">a few steps.<\/span><\/p>\n<p><span class=\"hps\">The device itself<\/span> <span class=\"hps\">is named<\/span> <span class=\"hps\">with a lifetime of<\/span> <span class=\"hps\">approximately 100,000<\/span> <span class=\"hps\">discs.<\/span> <span class=\"hps\">That&#8217;s enough<\/span> <span class=\"hps\">standard<\/span> <span class=\"hps\">users<\/span> <span class=\"hps\">with a consumption of<\/span> <span class=\"hps\">about 2,000<\/span> <span class=\"hps\">discs<\/span> <span class=\"hps\">a month for<\/span> <span class=\"hps\">over 4 years<\/span>.<\/p>\n<\/div>\n<div><\/div>\n<div>\n<div>\n<p><strong>Features<\/strong><\/p>\n<ul>\n<li>Reliability<\/li>\n<li>Printing quality<\/li>\n<li>Affordable printing costs<\/li>\n<li>Comfort<\/li>\n<li>Compact design<\/li>\n<li>High Capacity<\/li>\n<li>Single Ink Cardridges<\/li>\n<li>Patented Robotics<\/li>\n<\/ul>\n<\/div>\n<\/div>\n","protected":false},"excerpt":{"rendered":"<p><strong>about the EPSON Discproducer&#x2122; PP-100 AUTOPRINTER:<\/strong><\/p>\n<p><span id=\"result_box\" lang=\"en\"><span title=\"Die Highend-Drucktechnologie und Robotik des PP-100 Gibt es jetzt auch als reinen Autoprinter f\u00fcr all die Anwender die schon \u00fcber eine Brennstation verf\u00fcgen.\">The high-end printing technology and robotics of the PP-100 is now available as a pure <a href=\"https:\/\/www.adr-shop.com\/EN\/epson-disc-producer-pp-100-cd-dvd-autoprinter\" target=\"_blank\" rel=\"noopener noreferrer\">AutoPrinter<\/a> for everyone to use. <\/span><span title=\"Sie haben schon einen Brenntower und m\u00f6chten jetzt Ihrer CD auch den professionellen Look verpassen ?\">You have a burning tower and now want to give your CDs a professional look? <\/span><span title=\"Dann ist der PP-100 auf jeden Fall das richtige Ger\u00e4t.\">Then the PP -100 is the right tool for you. <\/span><span title=\"Alternativ gibt es auch das Ger\u00e4t mit 2 CD\/DVD Brennlaufwerken.\">Alternatively, it is also the device with 2 CD \/ DVD recordable drives. <\/span><span title=\"Den PP-100 Disc Producer. \">The PP-100 Discproducer.<\/span><\/span><\/p>\n<p><span title=\"Ein besonderes Merkmal dieses Ger\u00e4tes sind die einzelnen Tintenpatronen wodurch sich das System markant von dem Mitbewerb abhebt.\">A special feature of this device are the individual ink cartridges which gives the system a distinctive difference from the competition. <\/span><span title=\"Im Vergleich zu bisherigen Systemen werden hier tats\u00e4chlich zu 100% die Tinten aufgebraucht.\">Compared to previous systems, the inks are actually here to 100 % depleted. <\/span><span title=\"Dadurch erreicht dieses System die g\u00fcnstigsten Kosten per Disk f\u00fcr Ger\u00e4te seiner Klasse.\">Thus, this system achieved the lowest cost per disc for devices in its class. <\/span><span title=\"Kombiniert mit den patentierten Watershield Medien machen Sie damit aus Ihren produzierten CDs und DVDs einen echten Blickfang und k\u00f6nnen die erstellten Medien Ideal auch f\u00fcr Marketingzwecke einsetzen.\">Combined with the patented Water Shield media you do with it from your CDs and DVDs produced a real eye-catcher and can the created media Ideal use for marketing purposes.<\/span><\/p>\n[fusion_button link=\"https:\/\/www.adr-shop.com\/EN\/epson-disc-producer-pp-100-cd-dvd-autoprinter\" color=\"custom\" size=\"small\" type=\"flat\" shape=\"round\" target=\"_blank\" title=\"\" gradient_colors=\"#67b8e1\" gradient_hover_colors=\"#67b8e1\" accent_color=\"#fff\" accent_hover_color=\"#fff\" bevel_color=\"\" border_width=\"0px\" shadow=\"no\" icon=\"\" icon_divider=\"yes\" icon_position=\"left\" modal=\"\" animation_type=\"0\" animation_direction=\"up\" animation_speed=\"1\" class=\"\" id=\"\"]Buy product[\/fusion_button]\n","protected":false},"featured_media":14651,"comment_status":"closed","ping_status":"closed","template":"","meta":[],"product_cat":[230,240],"product_tag":[],"_links":{"self":[{"href":"https:\/\/adr-ag.de\/en\/wp-json\/wp\/v2\/product\/13319"}],"collection":[{"href":"https:\/\/adr-ag.de\/en\/wp-json\/wp\/v2\/product"}],"about":[{"href":"https:\/\/adr-ag.de\/en\/wp-json\/wp\/v2\/types\/product"}],"replies":[{"embeddable":true,"href":"https:\/\/adr-ag.de\/en\/wp-json\/wp\/v2\/comments?post=13319"}],"wp:featuredmedia":[{"embeddable":true,"href":"https:\/\/adr-ag.de\/en\/wp-json\/wp\/v2\/media\/14651"}],"wp:attachment":[{"href":"https:\/\/adr-ag.de\/en\/wp-json\/wp\/v2\/media?parent=13319"}],"wp:term":[{"taxonomy":"product_cat","embeddable":true,"href":"https:\/\/adr-ag.de\/en\/wp-json\/wp\/v2\/product_cat?post=13319"},{"taxonomy":"product_tag","embeddable":true,"href":"https:\/\/adr-ag.de\/en\/wp-json\/wp\/v2\/product_tag?post=13319"}],"curies":[{"name":"wp","href":"https:\/\/api.w.org\/{rel}","templated":true}]}}