{"id":15649,"date":"2015-05-31T23:22:13","date_gmt":"2015-05-31T23:22:13","guid":{"rendered":"http:\/\/new.adr-ag.de\/veranstaltungen-2\/"},"modified":"2025-02-04T12:41:27","modified_gmt":"2025-02-04T11:41:27","slug":"veranstaltungen","status":"publish","type":"page","link":"https:\/\/adr-ag.de\/en\/veranstaltungen\/","title":{"rendered":"Veranstaltungen"},"content":{"rendered":"<p>Winzer-Service Messe vom 5-7 Februar 2025<\/p>\n<p>World of Coffee Genf vom 26 bis 28 Juni 2025<\/p>\n<p>MJBizCon Las Vegas Convention Center vom 2-5 Dez. 2025<\/p>\n<p>&nbsp;<\/p>\n<hr \/>\n<p>&nbsp;<\/p>\n<p><strong>TAROPAK in Posen, PL :\u00a0 30.09.2019 &#8211; 03.10.2019<\/strong><\/p>\n<p>TAROPAK ist in diesem Teil Europas das gr\u00f6\u00dfte Forum der Pr\u00e4sentation der neuesten Systeme, Technologien und L\u00f6sungen der Verpackungsbranche.<\/p>\n<p>Mit unserem Vertriebspartner MYASIA, stellen wir auf der diesj\u00e4hrigen TAROPAK, einige unserer neusten Verpackungsmaschinen vor.<\/p>\n<p>Link zu <strong>MYASIA\u00a0<\/strong> \u00a0 \u00a0\u00a0 :\u00a0 \u00a0\u00a0 \u00a0\u00a0 \u00a0\u00a0\u00a0<a href=\"http:\/\/www.myasia.pl\/\">http:\/\/www.myasia.pl\/<\/a> \u00a0 \u00a0\u00a0 \u00a0\u00a0 \u00a0\u00a0 \u00a0\u00a0 \u00a0\u00a0 \u00a0\u00a0 \u00a0\u00a0 \u00a0\u00a0 \u00a0\u00a0 \u00a0\u00a0 \u00a0\u00a0 \u00a0\u00a0 \u00a0\u00a0 \u00a0\u00a0 \u00a0\u00a0 \u00a0\u00a0 \u00a0\u00a0 \u00a0\u00a0 \u00a0\u00a0 \u00a0\u00a0 \u00a0 \u00a0 \u00a0\u00a0 \u00a0 \u00a0\u00a0\u00a0 <a href=\"https:\/\/adr-ag.de\/wp-content\/uploads\/2019\/06\/logo.png\"><img decoding=\"async\" class=\"alignnone wp-image-16420 \" src=\"https:\/\/adr-ag.de\/wp-content\/uploads\/2019\/06\/logo.png\" alt=\"\" width=\"173\" height=\"79\" \/><\/a><\/p>\n<p>Link zur <strong>TAROPAK<\/strong> : \u00a0 \u00a0 \u00a0 \u00a0 \u00a0 <a href=\"https:\/\/www.taropak.pl\/de\/\">https:\/\/www.taropak.pl\/de\/<\/a> \u00a0 \u00a0 \u00a0 \u00a0 \u00a0 \u00a0 \u00a0 \u00a0 \u00a0 \u00a0 \u00a0 \u00a0 \u00a0 \u00a0\u00a0 \u00a0 \u00a0 \u00a0 \u00a0 \u00a0 \u00a0 \u00a0 \u00a0 \u00a0 \u00a0 \u00a0 \u00a0 \u00a0\u00a0\u00a0 \u00a0 \u00a0\u00a0 \u00a0\u00a0 <a href=\"https:\/\/adr-ag.de\/wp-content\/uploads\/2019\/06\/images.jpg\"><img decoding=\"async\" class=\"alignnone wp-image-16423 \" src=\"https:\/\/adr-ag.de\/wp-content\/uploads\/2019\/06\/images.jpg\" alt=\"\" width=\"186\" height=\"70\" srcset=\"https:\/\/adr-ag.de\/wp-content\/uploads\/2019\/06\/images-300x113.jpg 300w, https:\/\/adr-ag.de\/wp-content\/uploads\/2019\/06\/images.jpg 365w\" sizes=\"(max-width: 186px) 100vw, 186px\" \/><\/a><\/p>\n<hr \/>\n<p><strong>MJ BIZ in Las Vegas, USA: 11.12.2019 &#8211; 13.12.2019<\/strong><\/p>\n<p>Bei der MJBizCon schneiden sich Gesch\u00e4ft, Forschung und Politik um die globale Cannabis Industrie voranzutreiben.<\/p>\n<p>Hier werden wir mit unserem Vertriebspartner Thermal ID, unsere Thermal-Wind Produkte vorstellen.<\/p>\n<p>Link zu <strong>Thermal ID<\/strong> :\u00a0\u00a0\u00a0\u00a0\u00a0\u00a0 \u00a0\u00a0 <a href=\"https:\/\/www.thermalidtech.com\/brands\/adr.html\">https:\/\/www.thermalidtech.com\/<\/a> \u00a0\u00a0 \u00a0 \u00a0 \u00a0 \u00a0 \u00a0 \u00a0 \u00a0 \u00a0 \u00a0 \u00a0 \u00a0 \u00a0 \u00a0 \u00a0 \u00a0 \u00a0 \u00a0\u00a0 \u00a0 \u00a0 \u00a0 \u00a0 \u00a0 \u00a0 \u00a0 <a href=\"https:\/\/adr-ag.de\/wp-content\/uploads\/2019\/06\/thermalidtech-logo.jpg\"><img decoding=\"async\" class=\"alignnone wp-image-16405 \" src=\"https:\/\/adr-ag.de\/wp-content\/uploads\/2019\/06\/thermalidtech-logo.jpg\" alt=\"\" width=\"155\" height=\"50\" \/><\/a><\/p>\n<p>Link zur <strong>MJBiz<\/strong> : \u00a0 \u00a0 \u00a0 \u00a0 \u00a0 \u00a0\u00a0 \u00a0 <a href=\"https:\/\/mjbizconference.com\/vegas\/\">https:\/\/mjbizconference.com\/vegas\/<\/a> \u00a0\u00a0\u00a0\u00a0\u00a0\u00a0\u00a0\u00a0\u00a0\u00a0\u00a0\u00a0\u00a0\u00a0\u00a0\u00a0\u00a0\u00a0\u00a0\u00a0\u00a0 \u00a0 \u00a0 \u00a0 \u00a0 \u00a0 \u00a0 \u00a0 \u00a0 \u00a0\u00a0 \u00a0\u00a0 <a href=\"https:\/\/adr-ag.de\/wp-content\/uploads\/2019\/06\/mjbizcon-logo-stacked-fb-sz.png\"><img decoding=\"async\" class=\"alignnone wp-image-16426 \" src=\"https:\/\/adr-ag.de\/wp-content\/uploads\/2019\/06\/mjbizcon-logo-stacked-fb-sz.png\" alt=\"\" width=\"226\" height=\"86\" srcset=\"https:\/\/adr-ag.de\/wp-content\/uploads\/2019\/06\/mjbizcon-logo-stacked-fb-sz-300x114.png 300w, https:\/\/adr-ag.de\/wp-content\/uploads\/2019\/06\/mjbizcon-logo-stacked-fb-sz-500x190.png 500w, https:\/\/adr-ag.de\/wp-content\/uploads\/2019\/06\/mjbizcon-logo-stacked-fb-sz-768x292.png 768w, https:\/\/adr-ag.de\/wp-content\/uploads\/2019\/06\/mjbizcon-logo-stacked-fb-sz.png 828w\" sizes=\"(max-width: 226px) 100vw, 226px\" \/><\/a><\/p>\n<p>&nbsp;<\/p>\n<p>&nbsp;<\/p>\n<p>&nbsp;<\/p>\n","protected":false},"excerpt":{"rendered":"<p>Winzer-Service Messe vom 5-7 Februar 2025 World of Coffee Genf [&hellip;]<\/p>\n","protected":false},"author":1,"featured_media":0,"parent":0,"menu_order":0,"comment_status":"closed","ping_status":"closed","template":"","meta":{"footnotes":""},"_links":{"self":[{"href":"https:\/\/adr-ag.de\/en\/wp-json\/wp\/v2\/pages\/15649"}],"collection":[{"href":"https:\/\/adr-ag.de\/en\/wp-json\/wp\/v2\/pages"}],"about":[{"href":"https:\/\/adr-ag.de\/en\/wp-json\/wp\/v2\/types\/page"}],"author":[{"embeddable":true,"href":"https:\/\/adr-ag.de\/en\/wp-json\/wp\/v2\/users\/1"}],"replies":[{"embeddable":true,"href":"https:\/\/adr-ag.de\/en\/wp-json\/wp\/v2\/comments?post=15649"}],"version-history":[{"count":9,"href":"https:\/\/adr-ag.de\/en\/wp-json\/wp\/v2\/pages\/15649\/revisions"}],"predecessor-version":[{"id":18284,"href":"https:\/\/adr-ag.de\/en\/wp-json\/wp\/v2\/pages\/15649\/revisions\/18284"}],"wp:attachment":[{"href":"https:\/\/adr-ag.de\/en\/wp-json\/wp\/v2\/media?parent=15649"}],"curies":[{"name":"wp","href":"https:\/\/api.w.org\/{rel}","templated":true}]}}