{"id":12849,"date":"2012-12-05T17:20:13","date_gmt":"2012-12-05T17:20:13","guid":{"rendered":"http:\/\/new.adr-ag.de\/faq-2\/"},"modified":"2024-03-06T10:21:40","modified_gmt":"2024-03-06T09:21:40","slug":"faq","status":"publish","type":"page","link":"https:\/\/adr-ag.de\/en\/faq\/","title":{"rendered":"FAQ"},"content":{"rendered":"<div class=\"fusion-fullwidth fullwidth-box fusion-builder-row-1 fusion-flex-container hundred-percent-fullwidth non-hundred-percent-height-scrolling\" style=\"--awb-border-radius-top-left:0px;--awb-border-radius-top-right:0px;--awb-border-radius-bottom-right:0px;--awb-border-radius-bottom-left:0px;--awb-overflow:visible;--awb-flex-wrap:wrap;\" ><div class=\"fusion-builder-row fusion-row fusion-flex-align-items-flex-start fusion-flex-content-wrap\" style=\"width:calc( 100% + 0px ) !important;max-width:calc( 100% + 0px ) !important;margin-left: calc(-0px \/ 2 );margin-right: calc(-0px \/ 2 );\"><div class=\"fusion-layout-column fusion_builder_column fusion-builder-column-0 fusion_builder_column_1_1 1_1 fusion-flex-column fusion-flex-align-self-flex-start fusion-column-no-min-height\" style=\"--awb-bg-size:cover;--awb-width-large:100%;--awb-margin-top-large:0px;--awb-spacing-right-large:0px;--awb-margin-bottom-large:0px;--awb-spacing-left-large:0px;--awb-width-medium:100%;--awb-spacing-right-medium:0px;--awb-spacing-left-medium:0px;--awb-width-small:100%;--awb-spacing-right-small:0px;--awb-spacing-left-small:0px;\"><div class=\"fusion-column-wrapper fusion-flex-justify-content-flex-start fusion-content-layout-column\"><style type=\"text\/css\">.fusion-faqs-wrapper #accordian-1 .fusion-panel { border-color:var(--awb-color3); }.fusion-faqs-wrapper #accordian-1 .fusion-panel:hover{ border-color: var(--awb-color3); }.fusion-accordian #accordian-1 .panel-title a .fa-fusion-box:before{ font-size: 16px;width: 16px;}.fusion-accordian #accordian-1 .panel-title a .fa-fusion-box{ color: var(--awb-color1);}.fusion-accordian  #accordian-1 .panel-title a{font-family:var(--awb-typography1-font-family);font-weight:var(--awb-typography1-font-weight);font-style:var(--awb-typography1-font-style);}.fusion-accordian  #accordian-1 .panel-title a:not(:hover){}.fusion-accordian  #accordian-1 .toggle-content{font-family:var(--awb-typography4-font-family);font-weight:var(--awb-typography4-font-weight);font-style:var(--awb-typography4-font-style);}.fusion-accordian #accordian-1 .fa-fusion-box { background-color: var(--awb-color7) !important;border-color: var(--awb-color7) !important;}.fusion-accordian #accordian-1 .panel-title a:hover,.fusion-accordian #accordian-1 .panel-title a.hover { color: var(--awb-color4);}.fusion-faq-shortcode .fusion-accordian #accordian-1 .fusion-toggle-boxed-mode:hover .panel-title a { color: var(--awb-color4);}.fusion-accordian #accordian-1 .panel-title .active .fa-fusion-box,.fusion-accordian #accordian-1 .panel-title a:hover .fa-fusion-box,.fusion-accordian #accordian-1 .panel-title a.hover .fa-fusion-box { background-color: var(--awb-color4)!important;border-color: var(--awb-color4)!important;}<\/style><div class=\"fusion-faq-shortcode\" style=\"\"><ul role=\"menu\" class=\"fusion-filters clearfix\"><li role=\"presentation\" class=\"fusion-filter fusion-filter-all fusion-active\"><a role=\"menuitem\" data-filter=\"*\" href=\"#\">All<\/a><\/li><li role=\"presentation\" class=\"fusion-filter fusion-hidden\"><a role=\"menuitem\" data-filter=\".cds-dvds-en\" href=\"#\">CDs\/DVDs<\/a><\/li><li role=\"presentation\" class=\"fusion-filter fusion-hidden\"><a role=\"menuitem\" data-filter=\".hardware-en\" href=\"#\">Hardware<\/a><\/li><li role=\"presentation\" class=\"fusion-filter fusion-hidden\"><a role=\"menuitem\" data-filter=\".maintenance-s\" href=\"#\">Maintenance<\/a><\/li><li role=\"presentation\" class=\"fusion-filter fusion-hidden\"><a role=\"menuitem\" data-filter=\".price-s\" href=\"#\">Prices<\/a><\/li><li role=\"presentation\" class=\"fusion-filter fusion-hidden\"><a role=\"menuitem\" data-filter=\".software-en\" href=\"#\">Software<\/a><\/li><li role=\"presentation\" class=\"fusion-filter fusion-hidden\"><a role=\"menuitem\" data-filter=\".technical-s\" href=\"#\">Technical<\/a><\/li><\/ul><div class=\"fusion-faqs-wrapper\"><div class=\"accordian fusion-accordian\"><div class=\"panel-group \" id=\"accordian-1\"><div class=\"fusion-panel panel-default fusion-faq-post fusion-faq-post-12853 hardware-en \"><div class=\"panel-heading\"><h4 id=\"faq_1-12853\" class=\"panel-title toggle\"><a data-toggle=\"collapse\" class=\"collapsed\" data-parent=\"#accordian-1\" data-target=\"#collapse-1-12853\" href=\"#collapse-1-12853\" aria-expanded=\"false\"><div class=\"fusion-toggle-icon-wrapper\"><div class=\"fusion-toggle-icon-wrapper-main\"><div class=\"fusion-toggle-icon-wrapper-sub\"><i class=\"fa-fusion-box active-icon awb-icon-minus\" aria-hidden=\"true\"><\/i><i class=\"fa-fusion-box inactive-icon awb-icon-plus\" aria-hidden=\"true\"><\/i><\/div><\/div><\/div><div class=\"fusion-toggle-heading\">ADR NEXIS<\/div><\/a><\/h4><\/div><div id=\"collapse-1-12853\" aria-labelledby=\"faq_1-12853\" class=\"panel-collapse collapse\"><div class=\"panel-body toggle-content post-content\"><p>Der\u00a0<b>ADR Nexis<\/b>\u00a0ist ein vollautomatischer CD \/ DVD Kopierer mit einem niedrigen Anschaffungspreis und sehr g\u00fcnstigen Verbrauchsmaterialkosten, konzipiert f\u00fcr den kleinen bis mittleren Durchsatz\/Bedarf.<\/p>\n<p>Die Nexis Reihe wurde f\u00fcr eine Vielzahl von Anwendungen kreiert und zeigt sich in einem kompakten und \u00e4sthetisches Geh\u00e4use, welches in wirklich jeder B\u00fcroumgebung seinen Platz findet.<\/p>\n<p>Im Testlauf zeigte sich der ADR Nexis, mit 50 Medien pro Stunde, um einiges schneller als die meisten seiner Mitbewerber. Er ist ein wahrer Meister seiner Klasse. Das Geheimnis ist unser asynchrones Verfahren, welches das gleichzeitige Drucken und Brennen der Medien erm\u00f6glicht. Dadurch wird ein aussergew\u00f6hnlich hoher Durchsatz bei gleichzeitiger Datensicherheit m\u00f6glich. <a href=\"https:\/\/adr-ag.de\/en\/product-category\/cddvd-copyrobot\/\/\/adr-nexis\">Produktseite<\/a><\/p>\n<\/div><\/div><\/div><div class=\"fusion-panel panel-default fusion-faq-post fusion-faq-post-12857 technical-s \"><div class=\"panel-heading\"><h4 id=\"faq_1-12857\" class=\"panel-title toggle\"><a data-toggle=\"collapse\" class=\"collapsed\" data-parent=\"#accordian-1\" data-target=\"#collapse-1-12857\" href=\"#collapse-1-12857\" aria-expanded=\"false\"><div class=\"fusion-toggle-icon-wrapper\"><div class=\"fusion-toggle-icon-wrapper-main\"><div class=\"fusion-toggle-icon-wrapper-sub\"><i class=\"fa-fusion-box active-icon awb-icon-minus\" aria-hidden=\"true\"><\/i><i class=\"fa-fusion-box inactive-icon awb-icon-plus\" aria-hidden=\"true\"><\/i><\/div><\/div><\/div><div class=\"fusion-toggle-heading\">Fusce nisi malesuada in commodo quis, euismod quis orci on augue ullamcorpers.<\/div><\/a><\/h4><\/div><div id=\"collapse-1-12857\" aria-labelledby=\"faq_1-12857\" class=\"panel-collapse collapse\"><div class=\"panel-body toggle-content post-content\"><p>Nunc euismod lobortis massa, id sollicitudin augue auctor vel. Integer ornare sollicitudin turpis vitae vestibulum. Curabitur faucibus ullamcorper lorem sed egestas. Pellentesque laoreet auctor eros, et consectetur eros auctor eget. Lorem ipsum dolor sit amet, consectetur adipiscing elit. Vestibulum tortor nisi, egestas eget molestie tincidunt, tempus sed justo. Vestibulum ultricies auctor varius. Fusce consequat tincidunt dui, ac adipiscing turpis adipiscing pulvinar. Aliquam erat volutpat. Vivamus eleifend rhoncus nulla in laoreet.<\/p>\n<p>Aliquam commodo gravida magna eget tincidunt. Fusce nisi augue, malesuada in commodo quis, euismod quis orci. Integer vitae nisl non augue ullamcorper blandit. Donec vitae nibh ipsum, vitae semper orci. Nunc sed elit in nulla auctor imperdiet. Ut a nisl sit amet odio accumsan laoreet. Sed pharetra lectus in arcu pellentesque et iaculis justo pellentesque. Etiam laoreet sodales sapien, id congue magna malesuada ut. Class aptent taciti sociosqu ad litora torquent per conubia nostra, per inceptos himenaeos.<\/p>\n<\/div><\/div><\/div><div class=\"fusion-panel panel-default fusion-faq-post fusion-faq-post-12861 software-en \"><div class=\"panel-heading\"><h4 id=\"faq_1-12861\" class=\"panel-title toggle\"><a data-toggle=\"collapse\" class=\"collapsed\" data-parent=\"#accordian-1\" data-target=\"#collapse-1-12861\" href=\"#collapse-1-12861\" aria-expanded=\"false\"><div class=\"fusion-toggle-icon-wrapper\"><div class=\"fusion-toggle-icon-wrapper-main\"><div class=\"fusion-toggle-icon-wrapper-sub\"><i class=\"fa-fusion-box active-icon awb-icon-minus\" aria-hidden=\"true\"><\/i><i class=\"fa-fusion-box inactive-icon awb-icon-plus\" aria-hidden=\"true\"><\/i><\/div><\/div><\/div><div class=\"fusion-toggle-heading\">Vivamus ullamcorper nim sit amet consequat laoreet tortor tortor dictum egestas urna.<\/div><\/a><\/h4><\/div><div id=\"collapse-1-12861\" aria-labelledby=\"faq_1-12861\" class=\"panel-collapse collapse\"><div class=\"panel-body toggle-content post-content\"><p>Nunc euismod lobortis massa, id sollicitudin augue auctor vel. Integer ornare sollicitudin turpis vitae vestibulum. Curabitur faucibus ullamcorper lorem sed egestas. Pellentesque laoreet auctor eros, et consectetur eros auctor eget. Lorem ipsum dolor sit amet, consectetur adipiscing elit. Vestibulum tortor nisi, egestas eget molestie tincidunt, tempus sed justo. Vestibulum ultricies auctor varius. Fusce consequat tincidunt dui, ac adipiscing turpis adipiscing pulvinar. Aliquam erat volutpat. Vivamus eleifend rhoncus nulla in laoreet.<\/p>\n<p>Aliquam commodo gravida magna eget tincidunt. Fusce nisi augue, malesuada in commodo quis, euismod quis orci. Integer vitae nisl non augue ullamcorper blandit. Donec vitae nibh ipsum, vitae semper orci. Nunc sed elit in nulla auctor imperdiet. Ut a nisl sit amet odio accumsan laoreet. Sed pharetra lectus in arcu pellentesque et iaculis justo pellentesque. Etiam laoreet sodales sapien, id congue magna malesuada ut. Class aptent taciti sociosqu ad litora torquent per conubia nostra, per inceptos himenaeos.Vestibulum tortor nisi, egestas eget molestie tincidunt, tempus sed justo. Vestibulum ultricies auctor varius. Fusce consequat tincidunt dui, ac adipiscing turpis adipiscing pulvinar. Aliquam erat volutpat. Vivamus eleifend rhoncus nulla in laoreet.<\/p>\n<\/div><\/div><\/div><div class=\"fusion-panel panel-default fusion-faq-post fusion-faq-post-12865 technical-s \"><div class=\"panel-heading\"><h4 id=\"faq_1-12865\" class=\"panel-title toggle\"><a data-toggle=\"collapse\" class=\"collapsed\" data-parent=\"#accordian-1\" data-target=\"#collapse-1-12865\" href=\"#collapse-1-12865\" aria-expanded=\"false\"><div class=\"fusion-toggle-icon-wrapper\"><div class=\"fusion-toggle-icon-wrapper-main\"><div class=\"fusion-toggle-icon-wrapper-sub\"><i class=\"fa-fusion-box active-icon awb-icon-minus\" aria-hidden=\"true\"><\/i><i class=\"fa-fusion-box inactive-icon awb-icon-plus\" aria-hidden=\"true\"><\/i><\/div><\/div><\/div><div class=\"fusion-toggle-heading\">Integer vitae nisl non augue ullamcorper blandit donec vitae nibh ipsums.<\/div><\/a><\/h4><\/div><div id=\"collapse-1-12865\" aria-labelledby=\"faq_1-12865\" class=\"panel-collapse collapse\"><div class=\"panel-body toggle-content post-content\"><p>Nunc euismod lobortis massa, id sollicitudin augue auctor vel. Integer ornare sollicitudin turpis vitae vestibulum. Curabitur faucibus ullamcorper lorem sed egestas. Pellentesque laoreet auctor eros, et consectetur eros auctor eget. Lorem ipsum dolor sit amet, consectetur adipiscing elit. Vestibulum tortor nisi, egestas eget molestie tincidunt, tempus sed justo. Vestibulum ultricies auctor varius. Fusce consequat tincidunt dui, ac adipiscing turpis adipiscing pulvinar. Aliquam erat volutpat. Vivamus eleifend rhoncus nulla in laoreet.<\/p>\n<p>Aliquam commodo gravida magna eget tincidunt. Fusce nisi augue, malesuada in commodo quis, euismod quis orci. Integer vitae nisl non augue ullamcorper blandit. Donec vitae nibh ipsum, vitae semper orci. Nunc sed elit in nulla auctor imperdiet. Ut a nisl sit amet odio accumsan laoreet. Sed pharetra lectus in arcu pellentesque et iaculis justo pellentesque. Etiam laoreet sodales sapien, id congue magna malesuada ut. Class aptent taciti sociosqu ad litora torquent per conubia nostra, per inceptos himenaeos.<\/p>\n<\/div><\/div><\/div><div class=\"fusion-panel panel-default fusion-faq-post fusion-faq-post-12869 price-s \"><div class=\"panel-heading\"><h4 id=\"faq_1-12869\" class=\"panel-title toggle\"><a data-toggle=\"collapse\" class=\"collapsed\" data-parent=\"#accordian-1\" data-target=\"#collapse-1-12869\" href=\"#collapse-1-12869\" aria-expanded=\"false\"><div class=\"fusion-toggle-icon-wrapper\"><div class=\"fusion-toggle-icon-wrapper-main\"><div class=\"fusion-toggle-icon-wrapper-sub\"><i class=\"fa-fusion-box active-icon awb-icon-minus\" aria-hidden=\"true\"><\/i><i class=\"fa-fusion-box inactive-icon awb-icon-plus\" aria-hidden=\"true\"><\/i><\/div><\/div><\/div><div class=\"fusion-toggle-heading\">Fusce nisi augue, malesuada in commodo quis, euismod quis orci integer vitae nisl non.<\/div><\/a><\/h4><\/div><div id=\"collapse-1-12869\" aria-labelledby=\"faq_1-12869\" class=\"panel-collapse collapse\"><div class=\"panel-body toggle-content post-content\"><p>Nunc euismod lobortis massa, id sollicitudin augue auctor vel. Integer ornare sollicitudin turpis vitae vestibulum. Curabitur faucibus ullamcorper lorem sed egestas. Pellentesque laoreet auctor eros, et consectetur eros auctor eget. Lorem ipsum dolor sit amet, consectetur adipiscing elit. Vestibulum tortor nisi, egestas eget molestie tincidunt, tempus sed justo. Vestibulum ultricies auctor varius. Fusce consequat tincidunt dui, ac adipiscing turpis adipiscing pulvinar. Aliquam erat volutpat. Vivamus eleifend rhoncus nulla in laoreet.<\/p>\n<p>Aliquam commodo gravida magna eget tincidunt. Fusce nisi augue, malesuada in commodo quis, euismod quis orci. Integer vitae nisl non augue ullamcorper blandit. Donec vitae nibh ipsum, vitae semper orci. Nunc sed elit in nulla auctor imperdiet. Ut a nisl sit amet odio accumsan laoreet. Sed pharetra lectus in arcu pellentesque et iaculis justo pellentesque. Etiam laoreet sodales sapien, id congue magna malesuada ut. Class aptent taciti sociosqu ad litora torquent per conubia nostra, per inceptos himenaeos.Vestibulum tortor nisi, egestas eget molestie tincidunt, tempus sed justo. Vestibulum ultricies auctor varius. Fusce consequat tincidunt dui, ac adipiscing turpis adipiscing pulvinar. Aliquam erat volutpat. Vivamus eleifend rhoncus nulla in laoreet.<\/p>\n<\/div><\/div><\/div><div class=\"fusion-panel panel-default fusion-faq-post fusion-faq-post-12873 cds-dvds-en maintenance-s \"><div class=\"panel-heading\"><h4 id=\"faq_1-12873\" class=\"panel-title toggle\"><a data-toggle=\"collapse\" class=\"collapsed\" data-parent=\"#accordian-1\" data-target=\"#collapse-1-12873\" href=\"#collapse-1-12873\" aria-expanded=\"false\"><div class=\"fusion-toggle-icon-wrapper\"><div class=\"fusion-toggle-icon-wrapper-main\"><div class=\"fusion-toggle-icon-wrapper-sub\"><i class=\"fa-fusion-box active-icon awb-icon-minus\" aria-hidden=\"true\"><\/i><i class=\"fa-fusion-box inactive-icon awb-icon-plus\" aria-hidden=\"true\"><\/i><\/div><\/div><\/div><div class=\"fusion-toggle-heading\">Class aptent taciti sociosqu ad litora torquent per conubia nostra pers.<\/div><\/a><\/h4><\/div><div id=\"collapse-1-12873\" aria-labelledby=\"faq_1-12873\" class=\"panel-collapse collapse\"><div class=\"panel-body toggle-content post-content\"><p>Vestibulum egestas pharetra felis. Class aptent taciti sociosqu ad litora torquent per conubia nostra, per inceptos himenaeos. Suspendisse dignissim bibendum lectus, quis ornare tortor elementum quis. Aenean semper vehicula elementum. Nulla massa est, faucibus non semper quis, laoreet et sapien. Suspendisse massa odio, aliquet nec commodo et, venenatis ut velit. Pellentesque mauris lorem, dictum vitae feugiat quis, placerat vitae eros. Vestibulum quis purus vel urna convallis faucibus. Etiam vel mauris nisi, non vehicula est. Pellentesque habitant morbi tristique senectus et netus et malesuada fames ac turpis egestas. Aliquam leo lorem, tincidunt sed molestie id, egestas feugiat quam. Aliquam sed ipsum non nulla tempus mollis elementum ac dolor. Curabitur ac metus et enim pellentesque pellentesque. Nunc ultrices, felis elementum iaculis semper, libero turpis semper erat, in dapibus nisi urna vel mi. Nulla sed nibh libero. Maecenas a libero mauris, sed malesuada dui.<\/p>\n<p>Nunc euismod lobortis massa, id sollicitudin augue auctor vel. Integer ornare sollicitudin turpis vitae vestibulum. Curabitur faucibus ullamcorper lorem sed egestas. Pellentesque laoreet auctor eros, et consectetur eros auctor eget. Lorem ipsum dolor sit amet, consectetur adipiscing elit. Vestibulum tortor nisi, egestas eget molestie tincidunt, tempus sed justo. Vestibulum ultricies auctor varius. Fusce consequat tincidunt dui, ac adipiscing turpis adipiscing pulvinar. Aliquam erat volutpat. Vivamus eleifend rhoncus nulla in laoreet.<\/p>\n<\/div><\/div><\/div><\/div><\/div><\/div><\/div><\/div><\/div><\/div><\/div>\n","protected":false},"excerpt":{"rendered":"","protected":false},"author":1,"featured_media":0,"parent":0,"menu_order":0,"comment_status":"open","ping_status":"closed","template":"","meta":{"footnotes":""},"_links":{"self":[{"href":"https:\/\/adr-ag.de\/en\/wp-json\/wp\/v2\/pages\/12849"}],"collection":[{"href":"https:\/\/adr-ag.de\/en\/wp-json\/wp\/v2\/pages"}],"about":[{"href":"https:\/\/adr-ag.de\/en\/wp-json\/wp\/v2\/types\/page"}],"author":[{"embeddable":true,"href":"https:\/\/adr-ag.de\/en\/wp-json\/wp\/v2\/users\/1"}],"replies":[{"embeddable":true,"href":"https:\/\/adr-ag.de\/en\/wp-json\/wp\/v2\/comments?post=12849"}],"version-history":[{"count":1,"href":"https:\/\/adr-ag.de\/en\/wp-json\/wp\/v2\/pages\/12849\/revisions"}],"predecessor-version":[{"id":18136,"href":"https:\/\/adr-ag.de\/en\/wp-json\/wp\/v2\/pages\/12849\/revisions\/18136"}],"wp:attachment":[{"href":"https:\/\/adr-ag.de\/en\/wp-json\/wp\/v2\/media?parent=12849"}],"curies":[{"name":"wp","href":"https:\/\/api.w.org\/{rel}","templated":true}]}}